{"id":1533,"date":"2020-02-05T22:22:07","date_gmt":"2020-02-05T22:22:07","guid":{"rendered":"https:\/\/kayanmusic.com\/?page_id=1533"},"modified":"2024-10-17T18:24:37","modified_gmt":"2024-10-17T18:24:37","slug":"esto-jarelmaks","status":"publish","type":"page","link":"https:\/\/kayanmusic.com\/en\/esto-jarelmaks\/","title":{"rendered":"Instalment"},"content":{"rendered":"<div data-elementor-type=\"wp-page\" data-elementor-id=\"1533\" class=\"elementor elementor-1533\" wpc-filter-elementor-widget=\"1\">\n\t\t\t\t<div class=\"elementor-element elementor-element-e27f8fa e-flex e-con-boxed e-con e-parent\" data-id=\"e27f8fa\" data-element_type=\"container\" data-e-type=\"container\" data-settings=\"{&quot;background_background&quot;:&quot;classic&quot;}\">\n\t\t\t\t\t<div class=\"e-con-inner\">\n\t\t<div class=\"elementor-element elementor-element-4e09173 e-con-full e-flex e-con e-child\" data-id=\"4e09173\" data-element_type=\"container\" data-e-type=\"container\">\n\t\t\t\t<div class=\"elementor-element elementor-element-a8c3f40 elementor-widget elementor-widget-heading\" data-id=\"a8c3f40\" data-element_type=\"widget\" data-e-type=\"widget\" data-widget_type=\"heading.default\">\n\t\t\t\t<div class=\"elementor-widget-container\">\n\t\t\t\t\t<h1 class=\"elementor-heading-title elementor-size-default\">Hire purchase<\/h1>\t\t\t\t<\/div>\n\t\t\t\t<\/div>\n\t\t\t\t<\/div>\n\t\t\t\t\t<\/div>\n\t\t\t\t<\/div>\n\t\t<div class=\"elementor-element elementor-element-b6fc91d e-flex e-con-boxed e-con e-parent\" data-id=\"b6fc91d\" data-element_type=\"container\" data-e-type=\"container\">\n\t\t\t\t\t<div class=\"e-con-inner\">\n\t\t\t\t<div class=\"elementor-element elementor-element-1bf9998 elementor-widget elementor-widget-text-editor\" data-id=\"1bf9998\" data-element_type=\"widget\" data-e-type=\"widget\" data-widget_type=\"text-editor.default\">\n\t\t\t\t<div class=\"elementor-widget-container\">\n\t\t\t\t\t\t\t\t\t<p><strong>ESTO hire-purchase is a flexible payment solution that allows you to split your payment into convenient monthly installments. Spread the purchase amount over a period that suits you the best. You can choose the period and the down payment amount when completing your purchase by selecting ESTO hire-purchase at checkout.<\/strong><\/p><p><strong>How to pay with an  ESTO hire-purchase?<\/strong><\/p><p><img fetchpriority=\"high\" decoding=\"async\" class=\"alignnone size-full wp-image-2362\" src=\"https:\/\/kayanmusic.com\/wp-content\/uploads\/2024\/10\/HP.png\" alt=\"\" width=\"1920\" height=\"348\" srcset=\"https:\/\/kayanmusic.com\/wp-content\/uploads\/2024\/10\/HP.png 1920w, https:\/\/kayanmusic.com\/wp-content\/uploads\/2024\/10\/HP-300x54.png 300w, https:\/\/kayanmusic.com\/wp-content\/uploads\/2024\/10\/HP-1024x186.png 1024w, https:\/\/kayanmusic.com\/wp-content\/uploads\/2024\/10\/HP-768x139.png 768w, https:\/\/kayanmusic.com\/wp-content\/uploads\/2024\/10\/HP-1536x278.png 1536w, https:\/\/kayanmusic.com\/wp-content\/uploads\/2024\/10\/HP-18x3.png 18w, https:\/\/kayanmusic.com\/wp-content\/uploads\/2024\/10\/HP-600x109.png 600w\" sizes=\"(max-width: 1920px) 100vw, 1920px\" \/><\/p><figure class=\"wp-block-image size-large\"><\/figure><ol class=\"wp-block-list\"><li>Add the necessary products to your cart.<\/li><li>Select ESTO hire-purchase as the payment method at checkout.<\/li><li>Choose your preferred repayment period ranging from 3 to 60 months.<\/li><li>You will receive a decision in real-time.<\/li><li>If the decision is positive, digitally sign the agreement using your ID card, Smart-ID, or Mobile-ID.<\/li><\/ol><p>\u00a0<\/p><p>Use ESTO hire-purchase in online stores and physical shops. You can find all ESTO partner stores in the ESTO Market:\u00a0<a href=\"https:\/\/esto.eu\/ee\/esto-market?lang=et\" target=\"_blank\" rel=\"noreferrer noopener\">https:\/\/esto.eu\/ee\/esto-market<\/a><\/p><p><strong>ESTO hire purchase offers and manages ESTO AS.\u00a0<\/strong><\/p><p><em>ESTO AS hire purchase annual percentage rate is 23.63% per year under the following sample conditions: credit amount of 1490 EUR, goods\/services, the cost of 1490 EUR, down payment of 0%, fixed rate of interest at 11.90%, contract 0 EUR, total amount of credit and repayment of the amount 1844.64 EUR assumption that the credit will be returned within 24 months in equal monthly installments size 76.86 EUR. Check out the before conclusion of the contract terms and conditions and if necessary, consult a specialist. Hire purchase offers and manages ESTO AS.<\/em><\/p><hr class=\"wp-block-separator has-alpha-channel-opacity\" \/><p><strong>ESTO 3 is the most popular new generation payment method. Split the purchase amount comfortably into 3 equal parts. Get exactly what you need without interest, extra fees, or down payment. Use the ESTO 3-part payment method in online stores and physical shops.<\/strong><\/p><p><strong>How does it work?<br>\nBy choosing the ESTO Pay Later payment method, your order is confirmed immediately, but you don't have to pay right away, as the payment deadline is 30 days later.<\/strong><\/p><figure class=\"wp-block-image size-large\"><img decoding=\"async\" class=\"alignnone size-full wp-image-2363\" src=\"https:\/\/kayanmusic.com\/wp-content\/uploads\/2024\/10\/ESTO-3.png\" alt=\"\" width=\"1920\" height=\"348\" srcset=\"https:\/\/kayanmusic.com\/wp-content\/uploads\/2024\/10\/ESTO-3.png 1920w, https:\/\/kayanmusic.com\/wp-content\/uploads\/2024\/10\/ESTO-3-300x54.png 300w, https:\/\/kayanmusic.com\/wp-content\/uploads\/2024\/10\/ESTO-3-1024x186.png 1024w, https:\/\/kayanmusic.com\/wp-content\/uploads\/2024\/10\/ESTO-3-768x139.png 768w, https:\/\/kayanmusic.com\/wp-content\/uploads\/2024\/10\/ESTO-3-1536x278.png 1536w, https:\/\/kayanmusic.com\/wp-content\/uploads\/2024\/10\/ESTO-3-18x3.png 18w, https:\/\/kayanmusic.com\/wp-content\/uploads\/2024\/10\/ESTO-3-600x109.png 600w\" sizes=\"(max-width: 1920px) 100vw, 1920px\" \/><\/figure><ol class=\"wp-block-list\"><li>Add the necessary products to your cart.<\/li><li>Choose ESTO 3 as the payment method at checkout.<\/li><li>You will receive a decision in real-time.<\/li><li>If the decision is positive, confirm the purchase.<\/li><li>ESTO will send you your first invoice on the 15th of next month.<\/li><\/ol><p>\u00a0<\/p><p>Use ESTO 3-partial form of payment (e-shops and physical stores. All ESTO partnerp find a ESTO Market:\u00a0<a href=\"https:\/\/esto.eu\/ee\/esto-market?lang=et\" target=\"_blank\" rel=\"noreferrer noopener\">https:\/\/esto.eu\/ee\/esto-market<\/a><\/p><p>\u00a0<\/p><p><strong>The financial service is provided by ESTO AS.<\/strong>\u00a0Before entering into an agreement, review the terms and, if necessary, consult with a specialist. More information at www.esto.ee.<\/p><hr class=\"wp-block-separator has-alpha-channel-opacity\" \/><p><strong>ESTO Pay Later is a new way to pay for your purchases. You get the purchase immediately and need to pay the invoice within 30 days. Get exactly what you need without interest, extra fees or down payment.<\/strong><\/p><p><strong>How does it work?<br>\nBy choosing the ESTO Pay Later payment method, your order is confirmed immediately, but you don't have to pay right away, as the payment deadline is 30 days later.<\/strong><\/p><figure class=\"wp-block-image size-large\"><img decoding=\"async\" class=\"alignnone size-full wp-image-2364\" src=\"https:\/\/kayanmusic.com\/wp-content\/uploads\/2024\/10\/Pay-Later.png\" alt=\"\" width=\"1920\" height=\"348\" srcset=\"https:\/\/kayanmusic.com\/wp-content\/uploads\/2024\/10\/Pay-Later.png 1920w, https:\/\/kayanmusic.com\/wp-content\/uploads\/2024\/10\/Pay-Later-300x54.png 300w, https:\/\/kayanmusic.com\/wp-content\/uploads\/2024\/10\/Pay-Later-1024x186.png 1024w, https:\/\/kayanmusic.com\/wp-content\/uploads\/2024\/10\/Pay-Later-768x139.png 768w, https:\/\/kayanmusic.com\/wp-content\/uploads\/2024\/10\/Pay-Later-1536x278.png 1536w, https:\/\/kayanmusic.com\/wp-content\/uploads\/2024\/10\/Pay-Later-18x3.png 18w, https:\/\/kayanmusic.com\/wp-content\/uploads\/2024\/10\/Pay-Later-600x109.png 600w\" sizes=\"(max-width: 1920px) 100vw, 1920px\" \/><\/figure><p><br \/>1. Add the necessary products to your cart.<br \/>2. Choose the ESTO Pay Later payment method at checkout.<br \/>3. You will receive a decision in real-time.<br \/>4. If the decision is positive, confirm the purchase.<br \/>5. ESTO will send you an invoice, which must be paid in full within 30 day<\/p><p>\u00a0<\/p><p>Use the ESTO Pay Later payment method in online stores and physical shops. You can find all ESTO partner stores in the ESTO Market: https:\/\/esto.eu\/ee\/esto-market<\/p><p>\u00a0<\/p><p><strong>The financial service is provided by ESTO AS.<\/strong>\u00a0Before entering into an agreement, review the terms and, if necessary, consult with a specialist. More information at www.esto.ee.<\/p><p>\u00a0<\/p><p><strong>WHAT IS A ESTO?<br \/><\/strong>ESTO is the preferred payment solution provider in the Baltics, revolutionizing the sales experience for merchants and the purchasing experience for consumers by making it exceptionally easy and seamless. ESTO has nearly 500,000 active customers and over 3,000 partner stores across the Baltics. ESTO's mission is to help partners sell and customers buy.<br \/>If you need assistance, contact an ESTO AS employee at info@esto.ee or visit https:\/\/esto.eu\/ee\/kliendile-klienditugi.<\/p>\t\t\t\t\t\t\t\t<\/div>\n\t\t\t\t<\/div>\n\t\t\t\t\t<\/div>\n\t\t\t\t<\/div>\n\t\t\t\t<\/div>","protected":false},"excerpt":{"rendered":"<p>J\u00e4relmaks ESTO j\u00e4relmaks on paindlik makselahendus, mis v\u00f5imaldab jaotada makse mugavalt igakuisteks osamakseteks. Jaota ostusumma mugavalt endale sobiva perioodi peale. Perioodi ja sissemakse suurust saad valida ostu vormistamisel, kui valid kassast ESTO j\u00e4relmaksu. Kuidas kasutada ESTO j\u00e4relmaksu? Lisa vajalikud tooted ostukorvi. Vali kassas makseviisiks ESTO j\u00e4relmaks. Vali oma eelistatud tagasimakseperiood vahemikus 3-60 kuud. Otsuse saad [&hellip;]<\/p>\n","protected":false},"author":1,"featured_media":0,"parent":0,"menu_order":0,"comment_status":"closed","ping_status":"closed","template":"","meta":{"site-sidebar-layout":"no-sidebar","site-content-layout":"page-builder","ast-site-content-layout":"full-width-container","site-content-style":"unboxed","site-sidebar-style":"unboxed","ast-global-header-display":"","ast-banner-title-visibility":"","ast-main-header-display":"","ast-hfb-above-header-display":"","ast-hfb-below-header-display":"","ast-hfb-mobile-header-display":"","site-post-title":"disabled","ast-breadcrumbs-content":"disabled","ast-featured-img":"disabled","footer-sml-layout":"","ast-disable-related-posts":"","theme-transparent-header-meta":"enabled","adv-header-id-meta":"","stick-header-meta":"","header-above-stick-meta":"","header-main-stick-meta":"","header-below-stick-meta":"","astra-migrate-meta-layouts":"set","ast-page-background-enabled":"default","ast-page-background-meta":{"desktop":{"background-color":"","background-image":"","background-repeat":"repeat","background-position":"center center","background-size":"auto","background-attachment":"scroll","background-type":"","background-media":"","overlay-type":"","overlay-color":"","overlay-opacity":"","overlay-gradient":""},"tablet":{"background-color":"","background-image":"","background-repeat":"repeat","background-position":"center center","background-size":"auto","background-attachment":"scroll","background-type":"","background-media":"","overlay-type":"","overlay-color":"","overlay-opacity":"","overlay-gradient":""},"mobile":{"background-color":"","background-image":"","background-repeat":"repeat","background-position":"center center","background-size":"auto","background-attachment":"scroll","background-type":"","background-media":"","overlay-type":"","overlay-color":"","overlay-opacity":"","overlay-gradient":""}},"ast-content-background-meta":{"desktop":{"background-color":"var(--ast-global-color-5)","background-image":"","background-repeat":"repeat","background-position":"center center","background-size":"auto","background-attachment":"scroll","background-type":"","background-media":"","overlay-type":"","overlay-color":"","overlay-opacity":"","overlay-gradient":""},"tablet":{"background-color":"var(--ast-global-color-5)","background-image":"","background-repeat":"repeat","background-position":"center center","background-size":"auto","background-attachment":"scroll","background-type":"","background-media":"","overlay-type":"","overlay-color":"","overlay-opacity":"","overlay-gradient":""},"mobile":{"background-color":"var(--ast-global-color-5)","background-image":"","background-repeat":"repeat","background-position":"center center","background-size":"auto","background-attachment":"scroll","background-type":"","background-media":"","overlay-type":"","overlay-color":"","overlay-opacity":"","overlay-gradient":""}},"footnotes":""},"class_list":["post-1533","page","type-page","status-publish","hentry"],"yoast_head":"<!-- This site is optimized with the Yoast SEO plugin v27.3 - https:\/\/yoast.com\/product\/yoast-seo-wordpress\/ -->\n<title>J\u00e4relmaks - Muusikainstrumendid ja tarvikudE<\/title>\n<meta name=\"description\" content=\"ESTO j\u00e4relmaksu puhul on tegemist innovatiivse makselahendusega, mis aitab koostada sulle sinu poolt valitud perioodi alusel maksegraafiku.\" \/>\n<meta name=\"robots\" content=\"index, follow, max-snippet:-1, max-image-preview:large, max-video-preview:-1\" \/>\n<link rel=\"canonical\" href=\"https:\/\/kayanmusic.com\/en\/esto-jarelmaks\/\" \/>\n<meta property=\"og:locale\" content=\"en_US\" \/>\n<meta property=\"og:type\" content=\"article\" \/>\n<meta property=\"og:title\" content=\"J\u00e4relmaks - Muusikainstrumendid ja tarvikudE\" \/>\n<meta property=\"og:description\" content=\"ESTO j\u00e4relmaksu puhul on tegemist innovatiivse makselahendusega, mis aitab koostada sulle sinu poolt valitud perioodi alusel maksegraafiku.\" \/>\n<meta property=\"og:url\" content=\"https:\/\/kayanmusic.com\/en\/esto-jarelmaks\/\" \/>\n<meta property=\"og:site_name\" content=\"Kayan Music\" \/>\n<meta property=\"article:modified_time\" content=\"2024-10-17T18:24:37+00:00\" \/>\n<meta property=\"og:image\" content=\"https:\/\/kayanmusic.com\/wp-content\/uploads\/2024\/10\/HP_EE-1.png\" \/>\n<meta name=\"twitter:card\" content=\"summary_large_image\" \/>\n<meta name=\"twitter:label1\" content=\"Est. reading time\" \/>\n\t<meta name=\"twitter:data1\" content=\"3 minutes\" \/>\n<script type=\"application\/ld+json\" class=\"yoast-schema-graph\">{\"@context\":\"https:\\\/\\\/schema.org\",\"@graph\":[{\"@type\":\"WebPage\",\"@id\":\"https:\\\/\\\/kayanmusic.com\\\/esto-jarelmaks\\\/\",\"url\":\"https:\\\/\\\/kayanmusic.com\\\/esto-jarelmaks\\\/\",\"name\":\"J\u00e4relmaks - Muusikainstrumendid ja tarvikudE\",\"isPartOf\":{\"@id\":\"https:\\\/\\\/kayanmusic.com\\\/#website\"},\"primaryImageOfPage\":{\"@id\":\"https:\\\/\\\/kayanmusic.com\\\/esto-jarelmaks\\\/#primaryimage\"},\"image\":{\"@id\":\"https:\\\/\\\/kayanmusic.com\\\/esto-jarelmaks\\\/#primaryimage\"},\"thumbnailUrl\":\"https:\\\/\\\/kayanmusic.com\\\/wp-content\\\/uploads\\\/2024\\\/10\\\/HP_EE-1.png\",\"datePublished\":\"2020-02-05T22:22:07+00:00\",\"dateModified\":\"2024-10-17T18:24:37+00:00\",\"description\":\"ESTO j\u00e4relmaksu puhul on tegemist innovatiivse makselahendusega, mis aitab koostada sulle sinu poolt valitud perioodi alusel maksegraafiku.\",\"breadcrumb\":{\"@id\":\"https:\\\/\\\/kayanmusic.com\\\/esto-jarelmaks\\\/#breadcrumb\"},\"inLanguage\":\"en-US\",\"potentialAction\":[{\"@type\":\"ReadAction\",\"target\":[\"https:\\\/\\\/kayanmusic.com\\\/esto-jarelmaks\\\/\"]}]},{\"@type\":\"ImageObject\",\"inLanguage\":\"en-US\",\"@id\":\"https:\\\/\\\/kayanmusic.com\\\/esto-jarelmaks\\\/#primaryimage\",\"url\":\"https:\\\/\\\/kayanmusic.com\\\/wp-content\\\/uploads\\\/2024\\\/10\\\/HP_EE-1.png\",\"contentUrl\":\"https:\\\/\\\/kayanmusic.com\\\/wp-content\\\/uploads\\\/2024\\\/10\\\/HP_EE-1.png\"},{\"@type\":\"BreadcrumbList\",\"@id\":\"https:\\\/\\\/kayanmusic.com\\\/esto-jarelmaks\\\/#breadcrumb\",\"itemListElement\":[{\"@type\":\"ListItem\",\"position\":1,\"name\":\"Home\",\"item\":\"https:\\\/\\\/kayanmusic.com\\\/\"},{\"@type\":\"ListItem\",\"position\":2,\"name\":\"Esto j\u00e4relmaks\"}]},{\"@type\":\"WebSite\",\"@id\":\"https:\\\/\\\/kayanmusic.com\\\/#website\",\"url\":\"https:\\\/\\\/kayanmusic.com\\\/\",\"name\":\"Kayan Music\",\"description\":\"\",\"publisher\":{\"@id\":\"https:\\\/\\\/kayanmusic.com\\\/#organization\"},\"potentialAction\":[{\"@type\":\"SearchAction\",\"target\":{\"@type\":\"EntryPoint\",\"urlTemplate\":\"https:\\\/\\\/kayanmusic.com\\\/?s={search_term_string}\"},\"query-input\":{\"@type\":\"PropertyValueSpecification\",\"valueRequired\":true,\"valueName\":\"search_term_string\"}}],\"inLanguage\":\"en-US\"},{\"@type\":\"Organization\",\"@id\":\"https:\\\/\\\/kayanmusic.com\\\/#organization\",\"name\":\"Kayan Music\",\"url\":\"https:\\\/\\\/kayanmusic.com\\\/\",\"logo\":{\"@type\":\"ImageObject\",\"inLanguage\":\"en-US\",\"@id\":\"https:\\\/\\\/kayanmusic.com\\\/#\\\/schema\\\/logo\\\/image\\\/\",\"url\":\"https:\\\/\\\/kayanmusic.com\\\/wp-content\\\/uploads\\\/2024\\\/03\\\/Kayan002.png\",\"contentUrl\":\"https:\\\/\\\/kayanmusic.com\\\/wp-content\\\/uploads\\\/2024\\\/03\\\/Kayan002.png\",\"width\":1554,\"height\":1555,\"caption\":\"Kayan Music\"},\"image\":{\"@id\":\"https:\\\/\\\/kayanmusic.com\\\/#\\\/schema\\\/logo\\\/image\\\/\"}}]}<\/script>\n<!-- \/ Yoast SEO plugin. -->","yoast_head_json":{"title":"J\u00e4relmaks - Muusikainstrumendid ja tarvikudE","description":"ESTO j\u00e4relmaksu puhul on tegemist innovatiivse makselahendusega, mis aitab koostada sulle sinu poolt valitud perioodi alusel maksegraafiku.","robots":{"index":"index","follow":"follow","max-snippet":"max-snippet:-1","max-image-preview":"max-image-preview:large","max-video-preview":"max-video-preview:-1"},"canonical":"https:\/\/kayanmusic.com\/en\/esto-jarelmaks\/","og_locale":"en_US","og_type":"article","og_title":"J\u00e4relmaks - Muusikainstrumendid ja tarvikudE","og_description":"ESTO j\u00e4relmaksu puhul on tegemist innovatiivse makselahendusega, mis aitab koostada sulle sinu poolt valitud perioodi alusel maksegraafiku.","og_url":"https:\/\/kayanmusic.com\/en\/esto-jarelmaks\/","og_site_name":"Kayan Music","article_modified_time":"2024-10-17T18:24:37+00:00","og_image":[{"url":"https:\/\/kayanmusic.com\/wp-content\/uploads\/2024\/10\/HP_EE-1.png","type":"","width":"","height":""}],"twitter_card":"summary_large_image","twitter_misc":{"Est. reading time":"3 minutes"},"schema":{"@context":"https:\/\/schema.org","@graph":[{"@type":"WebPage","@id":"https:\/\/kayanmusic.com\/esto-jarelmaks\/","url":"https:\/\/kayanmusic.com\/esto-jarelmaks\/","name":"J\u00e4relmaks - Muusikainstrumendid ja tarvikudE","isPartOf":{"@id":"https:\/\/kayanmusic.com\/#website"},"primaryImageOfPage":{"@id":"https:\/\/kayanmusic.com\/esto-jarelmaks\/#primaryimage"},"image":{"@id":"https:\/\/kayanmusic.com\/esto-jarelmaks\/#primaryimage"},"thumbnailUrl":"https:\/\/kayanmusic.com\/wp-content\/uploads\/2024\/10\/HP_EE-1.png","datePublished":"2020-02-05T22:22:07+00:00","dateModified":"2024-10-17T18:24:37+00:00","description":"ESTO j\u00e4relmaksu puhul on tegemist innovatiivse makselahendusega, mis aitab koostada sulle sinu poolt valitud perioodi alusel maksegraafiku.","breadcrumb":{"@id":"https:\/\/kayanmusic.com\/esto-jarelmaks\/#breadcrumb"},"inLanguage":"en-US","potentialAction":[{"@type":"ReadAction","target":["https:\/\/kayanmusic.com\/esto-jarelmaks\/"]}]},{"@type":"ImageObject","inLanguage":"en-US","@id":"https:\/\/kayanmusic.com\/esto-jarelmaks\/#primaryimage","url":"https:\/\/kayanmusic.com\/wp-content\/uploads\/2024\/10\/HP_EE-1.png","contentUrl":"https:\/\/kayanmusic.com\/wp-content\/uploads\/2024\/10\/HP_EE-1.png"},{"@type":"BreadcrumbList","@id":"https:\/\/kayanmusic.com\/esto-jarelmaks\/#breadcrumb","itemListElement":[{"@type":"ListItem","position":1,"name":"Home","item":"https:\/\/kayanmusic.com\/"},{"@type":"ListItem","position":2,"name":"Esto j\u00e4relmaks"}]},{"@type":"WebSite","@id":"https:\/\/kayanmusic.com\/#website","url":"https:\/\/kayanmusic.com\/","name":"Kayan Music","description":"","publisher":{"@id":"https:\/\/kayanmusic.com\/#organization"},"potentialAction":[{"@type":"SearchAction","target":{"@type":"EntryPoint","urlTemplate":"https:\/\/kayanmusic.com\/?s={search_term_string}"},"query-input":{"@type":"PropertyValueSpecification","valueRequired":true,"valueName":"search_term_string"}}],"inLanguage":"en-US"},{"@type":"Organization","@id":"https:\/\/kayanmusic.com\/#organization","name":"Kayan Music","url":"https:\/\/kayanmusic.com\/","logo":{"@type":"ImageObject","inLanguage":"en-US","@id":"https:\/\/kayanmusic.com\/#\/schema\/logo\/image\/","url":"https:\/\/kayanmusic.com\/wp-content\/uploads\/2024\/03\/Kayan002.png","contentUrl":"https:\/\/kayanmusic.com\/wp-content\/uploads\/2024\/03\/Kayan002.png","width":1554,"height":1555,"caption":"Kayan Music"},"image":{"@id":"https:\/\/kayanmusic.com\/#\/schema\/logo\/image\/"}}]}},"_links":{"self":[{"href":"https:\/\/kayanmusic.com\/en\/wp-json\/wp\/v2\/pages\/1533","targetHints":{"allow":["GET"]}}],"collection":[{"href":"https:\/\/kayanmusic.com\/en\/wp-json\/wp\/v2\/pages"}],"about":[{"href":"https:\/\/kayanmusic.com\/en\/wp-json\/wp\/v2\/types\/page"}],"author":[{"embeddable":true,"href":"https:\/\/kayanmusic.com\/en\/wp-json\/wp\/v2\/users\/1"}],"replies":[{"embeddable":true,"href":"https:\/\/kayanmusic.com\/en\/wp-json\/wp\/v2\/comments?post=1533"}],"version-history":[{"count":5,"href":"https:\/\/kayanmusic.com\/en\/wp-json\/wp\/v2\/pages\/1533\/revisions"}],"predecessor-version":[{"id":2394,"href":"https:\/\/kayanmusic.com\/en\/wp-json\/wp\/v2\/pages\/1533\/revisions\/2394"}],"wp:attachment":[{"href":"https:\/\/kayanmusic.com\/en\/wp-json\/wp\/v2\/media?parent=1533"}],"curies":[{"name":"wp","href":"https:\/\/api.w.org\/{rel}","templated":true}]}}