{"id":1807,"date":"2024-04-09T07:18:04","date_gmt":"2024-04-09T07:18:04","guid":{"rendered":"https:\/\/kayanmusic.com\/?post_type=product&#038;p=1807"},"modified":"2024-04-11T13:58:43","modified_gmt":"2024-04-11T13:58:43","slug":"lootspill-e-t-minarski-36-bassi","status":"publish","type":"product","link":"https:\/\/kayanmusic.com\/en\/lootspillid\/lootspill-e-t-minarski-36-bassi\/","title":{"rendered":"Diatonic accordion E.&amp;T Minarski 36 bass"},"content":{"rendered":"","protected":false},"excerpt":{"rendered":"<p>Condition: used<br \/>\nthe accordion is in excellent playing condition, with a case<br \/>\nKeys: Fs, B, Bb<br \/>\nOn basses, the same note sounds when moving the bellows in both directions, which makes the playing much smoother<\/p>","protected":false},"featured_media":1813,"template":"","meta":{"site-sidebar-layout":"default","site-content-layout":"","ast-site-content-layout":"default","site-content-style":"default","site-sidebar-style":"default","ast-global-header-display":"","ast-banner-title-visibility":"","ast-main-header-display":"","ast-hfb-above-header-display":"","ast-hfb-below-header-display":"","ast-hfb-mobile-header-display":"","site-post-title":"","ast-breadcrumbs-content":"","ast-featured-img":"","footer-sml-layout":"","ast-disable-related-posts":"","theme-transparent-header-meta":"default","adv-header-id-meta":"","stick-header-meta":"","header-above-stick-meta":"","header-main-stick-meta":"","header-below-stick-meta":"","astra-migrate-meta-layouts":"set","ast-page-background-enabled":"default","ast-page-background-meta":{"desktop":{"background-color":"","background-image":"","background-repeat":"repeat","background-position":"center center","background-size":"auto","background-attachment":"scroll","background-type":"","background-media":"","overlay-type":"","overlay-color":"","overlay-opacity":"","overlay-gradient":""},"tablet":{"background-color":"","background-image":"","background-repeat":"repeat","background-position":"center center","background-size":"auto","background-attachment":"scroll","background-type":"","background-media":"","overlay-type":"","overlay-color":"","overlay-opacity":"","overlay-gradient":""},"mobile":{"background-color":"","background-image":"","background-repeat":"repeat","background-position":"center center","background-size":"auto","background-attachment":"scroll","background-type":"","background-media":"","overlay-type":"","overlay-color":"","overlay-opacity":"","overlay-gradient":""}},"ast-content-background-meta":{"desktop":{"background-color":"var(--ast-global-color-5)","background-image":"","background-repeat":"repeat","background-position":"center center","background-size":"auto","background-attachment":"scroll","background-type":"","background-media":"","overlay-type":"","overlay-color":"","overlay-opacity":"","overlay-gradient":""},"tablet":{"background-color":"var(--ast-global-color-5)","background-image":"","background-repeat":"repeat","background-position":"center center","background-size":"auto","background-attachment":"scroll","background-type":"","background-media":"","overlay-type":"","overlay-color":"","overlay-opacity":"","overlay-gradient":""},"mobile":{"background-color":"var(--ast-global-color-5)","background-image":"","background-repeat":"repeat","background-position":"center center","background-size":"auto","background-attachment":"scroll","background-type":"","background-media":"","overlay-type":"","overlay-color":"","overlay-opacity":"","overlay-gradient":""}}},"product_brand":[],"product_cat":[22],"product_tag":[],"class_list":{"0":"post-1807","1":"product","2":"type-product","3":"status-publish","4":"has-post-thumbnail","6":"product_cat-lootspillid","7":"desktop-align-left","8":"tablet-align-left","9":"mobile-align-left","11":"first","12":"instock","13":"sale","14":"shipping-taxable","15":"purchasable","16":"product-type-simple"},"yoast_head":"<!-- This site is optimized with the Yoast SEO plugin v27.3 - https:\/\/yoast.com\/product\/yoast-seo-wordpress\/ -->\n<title>L\u00f5\u00f5tspill E.&amp;T Minarski 36 bassi - Kayan Music<\/title>\n<meta name=\"description\" content=\"L\u00f5\u00f5tspill E.&amp;T Minarski 36 bassi on suurep\u00e4rases m\u00e4ngukorras. Bassidel k\u00f5lab m\u00f5lemat pidi l\u00f5\u00f5tsa liigutades sama noot, mis teeb m\u00e4ngu m\u00e4rksa sujuvamaks\" \/>\n<meta name=\"robots\" content=\"index, follow, max-snippet:-1, max-image-preview:large, max-video-preview:-1\" \/>\n<link rel=\"canonical\" href=\"https:\/\/kayanmusic.com\/en\/lootspillid\/lootspill-e-t-minarski-36-bassi\/\" \/>\n<meta property=\"og:locale\" content=\"en_US\" \/>\n<meta property=\"og:type\" content=\"article\" \/>\n<meta property=\"og:title\" content=\"L\u00f5\u00f5tspill E.&amp;T Minarski 36 bassi - Kayan Music\" \/>\n<meta property=\"og:description\" content=\"L\u00f5\u00f5tspill E.&amp;T Minarski 36 bassi on suurep\u00e4rases m\u00e4ngukorras. Bassidel k\u00f5lab m\u00f5lemat pidi l\u00f5\u00f5tsa liigutades sama noot, mis teeb m\u00e4ngu m\u00e4rksa sujuvamaks\" \/>\n<meta property=\"og:url\" content=\"https:\/\/kayanmusic.com\/en\/lootspillid\/lootspill-e-t-minarski-36-bassi\/\" \/>\n<meta property=\"og:site_name\" content=\"Kayan Music\" \/>\n<meta property=\"article:modified_time\" content=\"2024-04-11T13:58:43+00:00\" \/>\n<meta property=\"og:image\" content=\"https:\/\/kayanmusic.com\/wp-content\/uploads\/2024\/04\/14918982_1149149075163609_6553252264009826069_o.jpg\" \/>\n\t<meta property=\"og:image:width\" content=\"1006\" \/>\n\t<meta property=\"og:image:height\" content=\"1023\" \/>\n\t<meta property=\"og:image:type\" content=\"image\/jpeg\" \/>\n<meta name=\"twitter:card\" content=\"summary_large_image\" \/>\n<meta name=\"twitter:label1\" content=\"Est. reading time\" \/>\n\t<meta name=\"twitter:data1\" content=\"1 minute\" \/>\n<script type=\"application\/ld+json\" class=\"yoast-schema-graph\">{\"@context\":\"https:\\\/\\\/schema.org\",\"@graph\":[{\"@type\":\"WebPage\",\"@id\":\"https:\\\/\\\/kayanmusic.com\\\/lootspillid\\\/lootspill-e-t-minarski-36-bassi\\\/\",\"url\":\"https:\\\/\\\/kayanmusic.com\\\/lootspillid\\\/lootspill-e-t-minarski-36-bassi\\\/\",\"name\":\"L\u00f5\u00f5tspill E.&T Minarski 36 bassi - Kayan Music\",\"isPartOf\":{\"@id\":\"https:\\\/\\\/kayanmusic.com\\\/#website\"},\"primaryImageOfPage\":{\"@id\":\"https:\\\/\\\/kayanmusic.com\\\/lootspillid\\\/lootspill-e-t-minarski-36-bassi\\\/#primaryimage\"},\"image\":{\"@id\":\"https:\\\/\\\/kayanmusic.com\\\/lootspillid\\\/lootspill-e-t-minarski-36-bassi\\\/#primaryimage\"},\"thumbnailUrl\":\"https:\\\/\\\/kayanmusic.com\\\/wp-content\\\/uploads\\\/2024\\\/04\\\/14918982_1149149075163609_6553252264009826069_o.jpg\",\"datePublished\":\"2024-04-09T07:18:04+00:00\",\"dateModified\":\"2024-04-11T13:58:43+00:00\",\"description\":\"L\u00f5\u00f5tspill E.&T Minarski 36 bassi on suurep\u00e4rases m\u00e4ngukorras. Bassidel k\u00f5lab m\u00f5lemat pidi l\u00f5\u00f5tsa liigutades sama noot, mis teeb m\u00e4ngu m\u00e4rksa sujuvamaks\",\"breadcrumb\":{\"@id\":\"https:\\\/\\\/kayanmusic.com\\\/lootspillid\\\/lootspill-e-t-minarski-36-bassi\\\/#breadcrumb\"},\"inLanguage\":\"en-US\",\"potentialAction\":[{\"@type\":\"ReadAction\",\"target\":[\"https:\\\/\\\/kayanmusic.com\\\/lootspillid\\\/lootspill-e-t-minarski-36-bassi\\\/\"]}]},{\"@type\":\"ImageObject\",\"inLanguage\":\"en-US\",\"@id\":\"https:\\\/\\\/kayanmusic.com\\\/lootspillid\\\/lootspill-e-t-minarski-36-bassi\\\/#primaryimage\",\"url\":\"https:\\\/\\\/kayanmusic.com\\\/wp-content\\\/uploads\\\/2024\\\/04\\\/14918982_1149149075163609_6553252264009826069_o.jpg\",\"contentUrl\":\"https:\\\/\\\/kayanmusic.com\\\/wp-content\\\/uploads\\\/2024\\\/04\\\/14918982_1149149075163609_6553252264009826069_o.jpg\",\"width\":1006,\"height\":1023,\"caption\":\"L\u00f5\u00f5tspill E.&T Minarski 36 bassi\"},{\"@type\":\"BreadcrumbList\",\"@id\":\"https:\\\/\\\/kayanmusic.com\\\/lootspillid\\\/lootspill-e-t-minarski-36-bassi\\\/#breadcrumb\",\"itemListElement\":[{\"@type\":\"ListItem\",\"position\":1,\"name\":\"Home\",\"item\":\"https:\\\/\\\/kayanmusic.com\\\/\"},{\"@type\":\"ListItem\",\"position\":2,\"name\":\"Pood\",\"item\":\"https:\\\/\\\/kayanmusic.com\\\/\"},{\"@type\":\"ListItem\",\"position\":3,\"name\":\"L\u00f5\u00f5tspill E.&amp;T Minarski 36 bassi\"}]},{\"@type\":\"WebSite\",\"@id\":\"https:\\\/\\\/kayanmusic.com\\\/#website\",\"url\":\"https:\\\/\\\/kayanmusic.com\\\/\",\"name\":\"Kayan Music\",\"description\":\"\",\"publisher\":{\"@id\":\"https:\\\/\\\/kayanmusic.com\\\/#organization\"},\"potentialAction\":[{\"@type\":\"SearchAction\",\"target\":{\"@type\":\"EntryPoint\",\"urlTemplate\":\"https:\\\/\\\/kayanmusic.com\\\/?s={search_term_string}\"},\"query-input\":{\"@type\":\"PropertyValueSpecification\",\"valueRequired\":true,\"valueName\":\"search_term_string\"}}],\"inLanguage\":\"en-US\"},{\"@type\":\"Organization\",\"@id\":\"https:\\\/\\\/kayanmusic.com\\\/#organization\",\"name\":\"Kayan Music\",\"url\":\"https:\\\/\\\/kayanmusic.com\\\/\",\"logo\":{\"@type\":\"ImageObject\",\"inLanguage\":\"en-US\",\"@id\":\"https:\\\/\\\/kayanmusic.com\\\/#\\\/schema\\\/logo\\\/image\\\/\",\"url\":\"https:\\\/\\\/kayanmusic.com\\\/wp-content\\\/uploads\\\/2024\\\/03\\\/Kayan002.png\",\"contentUrl\":\"https:\\\/\\\/kayanmusic.com\\\/wp-content\\\/uploads\\\/2024\\\/03\\\/Kayan002.png\",\"width\":1554,\"height\":1555,\"caption\":\"Kayan Music\"},\"image\":{\"@id\":\"https:\\\/\\\/kayanmusic.com\\\/#\\\/schema\\\/logo\\\/image\\\/\"}}]}<\/script>\n<!-- \/ Yoast SEO plugin. -->","yoast_head_json":{"title":"L\u00f5\u00f5tspill E.&T Minarski 36 bassi - Kayan Music","description":"L\u00f5\u00f5tspill E.&T Minarski 36 bassi on suurep\u00e4rases m\u00e4ngukorras. Bassidel k\u00f5lab m\u00f5lemat pidi l\u00f5\u00f5tsa liigutades sama noot, mis teeb m\u00e4ngu m\u00e4rksa sujuvamaks","robots":{"index":"index","follow":"follow","max-snippet":"max-snippet:-1","max-image-preview":"max-image-preview:large","max-video-preview":"max-video-preview:-1"},"canonical":"https:\/\/kayanmusic.com\/en\/lootspillid\/lootspill-e-t-minarski-36-bassi\/","og_locale":"en_US","og_type":"article","og_title":"L\u00f5\u00f5tspill E.&T Minarski 36 bassi - Kayan Music","og_description":"L\u00f5\u00f5tspill E.&T Minarski 36 bassi on suurep\u00e4rases m\u00e4ngukorras. Bassidel k\u00f5lab m\u00f5lemat pidi l\u00f5\u00f5tsa liigutades sama noot, mis teeb m\u00e4ngu m\u00e4rksa sujuvamaks","og_url":"https:\/\/kayanmusic.com\/en\/lootspillid\/lootspill-e-t-minarski-36-bassi\/","og_site_name":"Kayan Music","article_modified_time":"2024-04-11T13:58:43+00:00","og_image":[{"width":1006,"height":1023,"url":"https:\/\/kayanmusic.com\/wp-content\/uploads\/2024\/04\/14918982_1149149075163609_6553252264009826069_o.jpg","type":"image\/jpeg"}],"twitter_card":"summary_large_image","twitter_misc":{"Est. reading time":"1 minute"},"schema":{"@context":"https:\/\/schema.org","@graph":[{"@type":"WebPage","@id":"https:\/\/kayanmusic.com\/lootspillid\/lootspill-e-t-minarski-36-bassi\/","url":"https:\/\/kayanmusic.com\/lootspillid\/lootspill-e-t-minarski-36-bassi\/","name":"L\u00f5\u00f5tspill E.&T Minarski 36 bassi - Kayan Music","isPartOf":{"@id":"https:\/\/kayanmusic.com\/#website"},"primaryImageOfPage":{"@id":"https:\/\/kayanmusic.com\/lootspillid\/lootspill-e-t-minarski-36-bassi\/#primaryimage"},"image":{"@id":"https:\/\/kayanmusic.com\/lootspillid\/lootspill-e-t-minarski-36-bassi\/#primaryimage"},"thumbnailUrl":"https:\/\/kayanmusic.com\/wp-content\/uploads\/2024\/04\/14918982_1149149075163609_6553252264009826069_o.jpg","datePublished":"2024-04-09T07:18:04+00:00","dateModified":"2024-04-11T13:58:43+00:00","description":"L\u00f5\u00f5tspill E.&T Minarski 36 bassi on suurep\u00e4rases m\u00e4ngukorras. Bassidel k\u00f5lab m\u00f5lemat pidi l\u00f5\u00f5tsa liigutades sama noot, mis teeb m\u00e4ngu m\u00e4rksa sujuvamaks","breadcrumb":{"@id":"https:\/\/kayanmusic.com\/lootspillid\/lootspill-e-t-minarski-36-bassi\/#breadcrumb"},"inLanguage":"en-US","potentialAction":[{"@type":"ReadAction","target":["https:\/\/kayanmusic.com\/lootspillid\/lootspill-e-t-minarski-36-bassi\/"]}]},{"@type":"ImageObject","inLanguage":"en-US","@id":"https:\/\/kayanmusic.com\/lootspillid\/lootspill-e-t-minarski-36-bassi\/#primaryimage","url":"https:\/\/kayanmusic.com\/wp-content\/uploads\/2024\/04\/14918982_1149149075163609_6553252264009826069_o.jpg","contentUrl":"https:\/\/kayanmusic.com\/wp-content\/uploads\/2024\/04\/14918982_1149149075163609_6553252264009826069_o.jpg","width":1006,"height":1023,"caption":"L\u00f5\u00f5tspill E.&T Minarski 36 bassi"},{"@type":"BreadcrumbList","@id":"https:\/\/kayanmusic.com\/lootspillid\/lootspill-e-t-minarski-36-bassi\/#breadcrumb","itemListElement":[{"@type":"ListItem","position":1,"name":"Home","item":"https:\/\/kayanmusic.com\/"},{"@type":"ListItem","position":2,"name":"Pood","item":"https:\/\/kayanmusic.com\/"},{"@type":"ListItem","position":3,"name":"L\u00f5\u00f5tspill E.&amp;T Minarski 36 bassi"}]},{"@type":"WebSite","@id":"https:\/\/kayanmusic.com\/#website","url":"https:\/\/kayanmusic.com\/","name":"Kayan Music","description":"","publisher":{"@id":"https:\/\/kayanmusic.com\/#organization"},"potentialAction":[{"@type":"SearchAction","target":{"@type":"EntryPoint","urlTemplate":"https:\/\/kayanmusic.com\/?s={search_term_string}"},"query-input":{"@type":"PropertyValueSpecification","valueRequired":true,"valueName":"search_term_string"}}],"inLanguage":"en-US"},{"@type":"Organization","@id":"https:\/\/kayanmusic.com\/#organization","name":"Kayan Music","url":"https:\/\/kayanmusic.com\/","logo":{"@type":"ImageObject","inLanguage":"en-US","@id":"https:\/\/kayanmusic.com\/#\/schema\/logo\/image\/","url":"https:\/\/kayanmusic.com\/wp-content\/uploads\/2024\/03\/Kayan002.png","contentUrl":"https:\/\/kayanmusic.com\/wp-content\/uploads\/2024\/03\/Kayan002.png","width":1554,"height":1555,"caption":"Kayan Music"},"image":{"@id":"https:\/\/kayanmusic.com\/#\/schema\/logo\/image\/"}}]}},"_links":{"self":[{"href":"https:\/\/kayanmusic.com\/en\/wp-json\/wp\/v2\/product\/1807","targetHints":{"allow":["GET"]}}],"collection":[{"href":"https:\/\/kayanmusic.com\/en\/wp-json\/wp\/v2\/product"}],"about":[{"href":"https:\/\/kayanmusic.com\/en\/wp-json\/wp\/v2\/types\/product"}],"wp:featuredmedia":[{"embeddable":true,"href":"https:\/\/kayanmusic.com\/en\/wp-json\/wp\/v2\/media\/1813"}],"wp:attachment":[{"href":"https:\/\/kayanmusic.com\/en\/wp-json\/wp\/v2\/media?parent=1807"}],"wp:term":[{"taxonomy":"product_brand","embeddable":true,"href":"https:\/\/kayanmusic.com\/en\/wp-json\/wp\/v2\/product_brand?post=1807"},{"taxonomy":"product_cat","embeddable":true,"href":"https:\/\/kayanmusic.com\/en\/wp-json\/wp\/v2\/product_cat?post=1807"},{"taxonomy":"product_tag","embeddable":true,"href":"https:\/\/kayanmusic.com\/en\/wp-json\/wp\/v2\/product_tag?post=1807"}],"curies":[{"name":"wp","href":"https:\/\/api.w.org\/{rel}","templated":true}]}}