{"id":2092,"date":"2024-08-30T11:11:42","date_gmt":"2024-08-30T11:11:42","guid":{"rendered":"https:\/\/kayanmusic.com\/?post_type=product&#038;p=2092"},"modified":"2024-08-30T11:11:42","modified_gmt":"2024-08-30T11:11:42","slug":"mesa-engineering-throttlebox","status":"publish","type":"product","link":"https:\/\/kayanmusic.com\/en\/pedaalid\/mesa-engineering-throttlebox\/","title":{"rendered":"Mesa Engineering Throttlebox"},"content":{"rendered":"<p>Mesa Engineering Throttlebox<\/p>","protected":false},"excerpt":{"rendered":"<p>The Mesa Engineering Throttlebox Distortion is suitable for all rock genres of varying aggression, maintaining the characteristic warmth and organic sound quality in different amplifiers. <span style=\"font-size: 16px;font-style: normal;font-weight: 400\">agressiivsusega <\/span><span style=\"font-size: 16px\">roki\u017eanritele, s\u00e4ilitades iseloomuliku soojuse ja orgaanilise helikvaliteedi erinevates v\u00f5imendites.<\/span><\/p>\n<p>Designed and handcrafted in Petaluma, California, USA<\/p>","protected":false},"featured_media":2093,"template":"","meta":{"site-sidebar-layout":"default","site-content-layout":"","ast-site-content-layout":"default","site-content-style":"default","site-sidebar-style":"default","ast-global-header-display":"","ast-banner-title-visibility":"","ast-main-header-display":"","ast-hfb-above-header-display":"","ast-hfb-below-header-display":"","ast-hfb-mobile-header-display":"","site-post-title":"","ast-breadcrumbs-content":"","ast-featured-img":"","footer-sml-layout":"","ast-disable-related-posts":"","theme-transparent-header-meta":"default","adv-header-id-meta":"","stick-header-meta":"","header-above-stick-meta":"","header-main-stick-meta":"","header-below-stick-meta":"","astra-migrate-meta-layouts":"set","ast-page-background-enabled":"default","ast-page-background-meta":{"desktop":{"background-color":"","background-image":"","background-repeat":"repeat","background-position":"center center","background-size":"auto","background-attachment":"scroll","background-type":"","background-media":"","overlay-type":"","overlay-color":"","overlay-opacity":"","overlay-gradient":""},"tablet":{"background-color":"","background-image":"","background-repeat":"repeat","background-position":"center center","background-size":"auto","background-attachment":"scroll","background-type":"","background-media":"","overlay-type":"","overlay-color":"","overlay-opacity":"","overlay-gradient":""},"mobile":{"background-color":"","background-image":"","background-repeat":"repeat","background-position":"center center","background-size":"auto","background-attachment":"scroll","background-type":"","background-media":"","overlay-type":"","overlay-color":"","overlay-opacity":"","overlay-gradient":""}},"ast-content-background-meta":{"desktop":{"background-color":"var(--ast-global-color-5)","background-image":"","background-repeat":"repeat","background-position":"center center","background-size":"auto","background-attachment":"scroll","background-type":"","background-media":"","overlay-type":"","overlay-color":"","overlay-opacity":"","overlay-gradient":""},"tablet":{"background-color":"var(--ast-global-color-5)","background-image":"","background-repeat":"repeat","background-position":"center center","background-size":"auto","background-attachment":"scroll","background-type":"","background-media":"","overlay-type":"","overlay-color":"","overlay-opacity":"","overlay-gradient":""},"mobile":{"background-color":"var(--ast-global-color-5)","background-image":"","background-repeat":"repeat","background-position":"center center","background-size":"auto","background-attachment":"scroll","background-type":"","background-media":"","overlay-type":"","overlay-color":"","overlay-opacity":"","overlay-gradient":""}}},"product_brand":[],"product_cat":[61],"product_tag":[],"class_list":{"0":"post-2092","1":"product","2":"type-product","3":"status-publish","4":"has-post-thumbnail","6":"product_cat-pedaalid","7":"desktop-align-left","8":"tablet-align-left","9":"mobile-align-left","11":"first","12":"instock","13":"sold-individually","14":"shipping-taxable","15":"purchasable","16":"product-type-simple"},"yoast_head":"<!-- This site is optimized with the Yoast SEO plugin v27.4 - https:\/\/yoast.com\/product\/yoast-seo-wordpress\/ -->\n<title>Mesa Engineering Throttlebox - Kayan Music<\/title>\n<meta name=\"robots\" content=\"index, follow, max-snippet:-1, max-image-preview:large, max-video-preview:-1\" \/>\n<link rel=\"canonical\" href=\"https:\/\/kayanmusic.com\/en\/pedaalid\/mesa-engineering-throttlebox\/\" \/>\n<meta property=\"og:locale\" content=\"en_US\" \/>\n<meta property=\"og:type\" content=\"article\" \/>\n<meta property=\"og:title\" content=\"Mesa Engineering Throttlebox - Kayan Music\" \/>\n<meta property=\"og:description\" content=\"Mesa Engineering Throttlebox Distortion sobib k\u00f5igile erineva agressiivsusega roki\u017eanritele, s\u00e4ilitades iseloomuliku soojuse ja orgaanilise helikvaliteedi erinevates v\u00f5imendites.  Disainitud ja k\u00e4sit\u00f6\u00f6na valmistatud Petalumas, Californias, USA-s\" \/>\n<meta property=\"og:url\" content=\"https:\/\/kayanmusic.com\/en\/pedaalid\/mesa-engineering-throttlebox\/\" \/>\n<meta property=\"og:site_name\" content=\"Kayan Music\" \/>\n<meta property=\"og:image\" content=\"https:\/\/kayanmusic.com\/wp-content\/uploads\/2024\/08\/62.jpg\" \/>\n\t<meta property=\"og:image:width\" content=\"1047\" \/>\n\t<meta property=\"og:image:height\" content=\"1521\" \/>\n\t<meta property=\"og:image:type\" content=\"image\/jpeg\" \/>\n<meta name=\"twitter:card\" content=\"summary_large_image\" \/>\n<meta name=\"twitter:label1\" content=\"Est. reading time\" \/>\n\t<meta name=\"twitter:data1\" content=\"1 minute\" \/>\n<script type=\"application\/ld+json\" class=\"yoast-schema-graph\">{\"@context\":\"https:\\\/\\\/schema.org\",\"@graph\":[{\"@type\":\"WebPage\",\"@id\":\"https:\\\/\\\/kayanmusic.com\\\/pedaalid\\\/mesa-engineering-throttlebox\\\/\",\"url\":\"https:\\\/\\\/kayanmusic.com\\\/pedaalid\\\/mesa-engineering-throttlebox\\\/\",\"name\":\"Mesa Engineering Throttlebox - Kayan Music\",\"isPartOf\":{\"@id\":\"https:\\\/\\\/kayanmusic.com\\\/#website\"},\"primaryImageOfPage\":{\"@id\":\"https:\\\/\\\/kayanmusic.com\\\/pedaalid\\\/mesa-engineering-throttlebox\\\/#primaryimage\"},\"image\":{\"@id\":\"https:\\\/\\\/kayanmusic.com\\\/pedaalid\\\/mesa-engineering-throttlebox\\\/#primaryimage\"},\"thumbnailUrl\":\"https:\\\/\\\/kayanmusic.com\\\/wp-content\\\/uploads\\\/2024\\\/08\\\/62.jpg\",\"datePublished\":\"2024-08-30T11:11:42+00:00\",\"breadcrumb\":{\"@id\":\"https:\\\/\\\/kayanmusic.com\\\/pedaalid\\\/mesa-engineering-throttlebox\\\/#breadcrumb\"},\"inLanguage\":\"en-US\",\"potentialAction\":[{\"@type\":\"ReadAction\",\"target\":[\"https:\\\/\\\/kayanmusic.com\\\/pedaalid\\\/mesa-engineering-throttlebox\\\/\"]}]},{\"@type\":\"ImageObject\",\"inLanguage\":\"en-US\",\"@id\":\"https:\\\/\\\/kayanmusic.com\\\/pedaalid\\\/mesa-engineering-throttlebox\\\/#primaryimage\",\"url\":\"https:\\\/\\\/kayanmusic.com\\\/wp-content\\\/uploads\\\/2024\\\/08\\\/62.jpg\",\"contentUrl\":\"https:\\\/\\\/kayanmusic.com\\\/wp-content\\\/uploads\\\/2024\\\/08\\\/62.jpg\",\"width\":1047,\"height\":1521},{\"@type\":\"BreadcrumbList\",\"@id\":\"https:\\\/\\\/kayanmusic.com\\\/pedaalid\\\/mesa-engineering-throttlebox\\\/#breadcrumb\",\"itemListElement\":[{\"@type\":\"ListItem\",\"position\":1,\"name\":\"Home\",\"item\":\"https:\\\/\\\/kayanmusic.com\\\/\"},{\"@type\":\"ListItem\",\"position\":2,\"name\":\"Pood\",\"item\":\"https:\\\/\\\/kayanmusic.com\\\/\"},{\"@type\":\"ListItem\",\"position\":3,\"name\":\"Mesa Engineering Throttlebox\"}]},{\"@type\":\"WebSite\",\"@id\":\"https:\\\/\\\/kayanmusic.com\\\/#website\",\"url\":\"https:\\\/\\\/kayanmusic.com\\\/\",\"name\":\"Kayan Music\",\"description\":\"\",\"publisher\":{\"@id\":\"https:\\\/\\\/kayanmusic.com\\\/#organization\"},\"potentialAction\":[{\"@type\":\"SearchAction\",\"target\":{\"@type\":\"EntryPoint\",\"urlTemplate\":\"https:\\\/\\\/kayanmusic.com\\\/?s={search_term_string}\"},\"query-input\":{\"@type\":\"PropertyValueSpecification\",\"valueRequired\":true,\"valueName\":\"search_term_string\"}}],\"inLanguage\":\"en-US\"},{\"@type\":\"Organization\",\"@id\":\"https:\\\/\\\/kayanmusic.com\\\/#organization\",\"name\":\"Kayan Music\",\"url\":\"https:\\\/\\\/kayanmusic.com\\\/\",\"logo\":{\"@type\":\"ImageObject\",\"inLanguage\":\"en-US\",\"@id\":\"https:\\\/\\\/kayanmusic.com\\\/#\\\/schema\\\/logo\\\/image\\\/\",\"url\":\"https:\\\/\\\/kayanmusic.com\\\/wp-content\\\/uploads\\\/2024\\\/03\\\/Kayan002.png\",\"contentUrl\":\"https:\\\/\\\/kayanmusic.com\\\/wp-content\\\/uploads\\\/2024\\\/03\\\/Kayan002.png\",\"width\":1554,\"height\":1555,\"caption\":\"Kayan Music\"},\"image\":{\"@id\":\"https:\\\/\\\/kayanmusic.com\\\/#\\\/schema\\\/logo\\\/image\\\/\"}}]}<\/script>\n<!-- \/ Yoast SEO plugin. -->","yoast_head_json":{"title":"Mesa Engineering Throttlebox - Kayan Music","robots":{"index":"index","follow":"follow","max-snippet":"max-snippet:-1","max-image-preview":"max-image-preview:large","max-video-preview":"max-video-preview:-1"},"canonical":"https:\/\/kayanmusic.com\/en\/pedaalid\/mesa-engineering-throttlebox\/","og_locale":"en_US","og_type":"article","og_title":"Mesa Engineering Throttlebox - Kayan Music","og_description":"Mesa Engineering Throttlebox Distortion sobib k\u00f5igile erineva agressiivsusega roki\u017eanritele, s\u00e4ilitades iseloomuliku soojuse ja orgaanilise helikvaliteedi erinevates v\u00f5imendites.  Disainitud ja k\u00e4sit\u00f6\u00f6na valmistatud Petalumas, Californias, USA-s","og_url":"https:\/\/kayanmusic.com\/en\/pedaalid\/mesa-engineering-throttlebox\/","og_site_name":"Kayan Music","og_image":[{"width":1047,"height":1521,"url":"https:\/\/kayanmusic.com\/wp-content\/uploads\/2024\/08\/62.jpg","type":"image\/jpeg"}],"twitter_card":"summary_large_image","twitter_misc":{"Est. reading time":"1 minute"},"schema":{"@context":"https:\/\/schema.org","@graph":[{"@type":"WebPage","@id":"https:\/\/kayanmusic.com\/pedaalid\/mesa-engineering-throttlebox\/","url":"https:\/\/kayanmusic.com\/pedaalid\/mesa-engineering-throttlebox\/","name":"Mesa Engineering Throttlebox - Kayan Music","isPartOf":{"@id":"https:\/\/kayanmusic.com\/#website"},"primaryImageOfPage":{"@id":"https:\/\/kayanmusic.com\/pedaalid\/mesa-engineering-throttlebox\/#primaryimage"},"image":{"@id":"https:\/\/kayanmusic.com\/pedaalid\/mesa-engineering-throttlebox\/#primaryimage"},"thumbnailUrl":"https:\/\/kayanmusic.com\/wp-content\/uploads\/2024\/08\/62.jpg","datePublished":"2024-08-30T11:11:42+00:00","breadcrumb":{"@id":"https:\/\/kayanmusic.com\/pedaalid\/mesa-engineering-throttlebox\/#breadcrumb"},"inLanguage":"en-US","potentialAction":[{"@type":"ReadAction","target":["https:\/\/kayanmusic.com\/pedaalid\/mesa-engineering-throttlebox\/"]}]},{"@type":"ImageObject","inLanguage":"en-US","@id":"https:\/\/kayanmusic.com\/pedaalid\/mesa-engineering-throttlebox\/#primaryimage","url":"https:\/\/kayanmusic.com\/wp-content\/uploads\/2024\/08\/62.jpg","contentUrl":"https:\/\/kayanmusic.com\/wp-content\/uploads\/2024\/08\/62.jpg","width":1047,"height":1521},{"@type":"BreadcrumbList","@id":"https:\/\/kayanmusic.com\/pedaalid\/mesa-engineering-throttlebox\/#breadcrumb","itemListElement":[{"@type":"ListItem","position":1,"name":"Home","item":"https:\/\/kayanmusic.com\/"},{"@type":"ListItem","position":2,"name":"Pood","item":"https:\/\/kayanmusic.com\/"},{"@type":"ListItem","position":3,"name":"Mesa Engineering Throttlebox"}]},{"@type":"WebSite","@id":"https:\/\/kayanmusic.com\/#website","url":"https:\/\/kayanmusic.com\/","name":"Kayan Music","description":"","publisher":{"@id":"https:\/\/kayanmusic.com\/#organization"},"potentialAction":[{"@type":"SearchAction","target":{"@type":"EntryPoint","urlTemplate":"https:\/\/kayanmusic.com\/?s={search_term_string}"},"query-input":{"@type":"PropertyValueSpecification","valueRequired":true,"valueName":"search_term_string"}}],"inLanguage":"en-US"},{"@type":"Organization","@id":"https:\/\/kayanmusic.com\/#organization","name":"Kayan Music","url":"https:\/\/kayanmusic.com\/","logo":{"@type":"ImageObject","inLanguage":"en-US","@id":"https:\/\/kayanmusic.com\/#\/schema\/logo\/image\/","url":"https:\/\/kayanmusic.com\/wp-content\/uploads\/2024\/03\/Kayan002.png","contentUrl":"https:\/\/kayanmusic.com\/wp-content\/uploads\/2024\/03\/Kayan002.png","width":1554,"height":1555,"caption":"Kayan Music"},"image":{"@id":"https:\/\/kayanmusic.com\/#\/schema\/logo\/image\/"}}]}},"_links":{"self":[{"href":"https:\/\/kayanmusic.com\/en\/wp-json\/wp\/v2\/product\/2092","targetHints":{"allow":["GET"]}}],"collection":[{"href":"https:\/\/kayanmusic.com\/en\/wp-json\/wp\/v2\/product"}],"about":[{"href":"https:\/\/kayanmusic.com\/en\/wp-json\/wp\/v2\/types\/product"}],"wp:featuredmedia":[{"embeddable":true,"href":"https:\/\/kayanmusic.com\/en\/wp-json\/wp\/v2\/media\/2093"}],"wp:attachment":[{"href":"https:\/\/kayanmusic.com\/en\/wp-json\/wp\/v2\/media?parent=2092"}],"wp:term":[{"taxonomy":"product_brand","embeddable":true,"href":"https:\/\/kayanmusic.com\/en\/wp-json\/wp\/v2\/product_brand?post=2092"},{"taxonomy":"product_cat","embeddable":true,"href":"https:\/\/kayanmusic.com\/en\/wp-json\/wp\/v2\/product_cat?post=2092"},{"taxonomy":"product_tag","embeddable":true,"href":"https:\/\/kayanmusic.com\/en\/wp-json\/wp\/v2\/product_tag?post=2092"}],"curies":[{"name":"wp","href":"https:\/\/api.w.org\/{rel}","templated":true}]}}