{"id":2094,"date":"2024-08-30T11:11:15","date_gmt":"2024-08-30T11:11:15","guid":{"rendered":"https:\/\/kayanmusic.com\/?post_type=product&#038;p=2094"},"modified":"2024-08-30T11:11:15","modified_gmt":"2024-08-30T11:11:15","slug":"tomsline-at-07-guitar-tuner-pedal","status":"publish","type":"product","link":"https:\/\/kayanmusic.com\/en\/pedaalid\/tomsline-at-07-guitar-tuner-pedal\/","title":{"rendered":"Tom&#8217;sline AT-07 Guitar Tuner Pedal"},"content":{"rendered":"<p>Tom&#8217;sline AT-07 Guitar Tuner Pedal<\/p>","protected":false},"excerpt":{"rendered":"<p>Tom&#8217;sline AT-07 Guitar Tuner Pedal<\/p>\n<p><span class=\"jCAhz ChMk0b\"><span class=\"ryNqvb\">the compact and reliable pedal is an essential tool for any guitarist, whether you're practicing at home, jamming with friends or performing on stage. With an easy-to-read LED display and precise tuning algorithms<\/span><\/span> <span class=\"jCAhz ChMk0b\"><span class=\"ryNqvb\">Kergesti loetava LED-ekraani ja t\u00e4psete h\u00e4\u00e4lestusalgoritmidega.<\/span><\/span><\/p>\n<p>&nbsp;<\/p>","protected":false},"featured_media":2095,"template":"","meta":{"site-sidebar-layout":"default","site-content-layout":"","ast-site-content-layout":"default","site-content-style":"default","site-sidebar-style":"default","ast-global-header-display":"","ast-banner-title-visibility":"","ast-main-header-display":"","ast-hfb-above-header-display":"","ast-hfb-below-header-display":"","ast-hfb-mobile-header-display":"","site-post-title":"","ast-breadcrumbs-content":"","ast-featured-img":"","footer-sml-layout":"","ast-disable-related-posts":"","theme-transparent-header-meta":"default","adv-header-id-meta":"","stick-header-meta":"","header-above-stick-meta":"","header-main-stick-meta":"","header-below-stick-meta":"","astra-migrate-meta-layouts":"set","ast-page-background-enabled":"default","ast-page-background-meta":{"desktop":{"background-color":"","background-image":"","background-repeat":"repeat","background-position":"center center","background-size":"auto","background-attachment":"scroll","background-type":"","background-media":"","overlay-type":"","overlay-color":"","overlay-opacity":"","overlay-gradient":""},"tablet":{"background-color":"","background-image":"","background-repeat":"repeat","background-position":"center center","background-size":"auto","background-attachment":"scroll","background-type":"","background-media":"","overlay-type":"","overlay-color":"","overlay-opacity":"","overlay-gradient":""},"mobile":{"background-color":"","background-image":"","background-repeat":"repeat","background-position":"center center","background-size":"auto","background-attachment":"scroll","background-type":"","background-media":"","overlay-type":"","overlay-color":"","overlay-opacity":"","overlay-gradient":""}},"ast-content-background-meta":{"desktop":{"background-color":"var(--ast-global-color-5)","background-image":"","background-repeat":"repeat","background-position":"center center","background-size":"auto","background-attachment":"scroll","background-type":"","background-media":"","overlay-type":"","overlay-color":"","overlay-opacity":"","overlay-gradient":""},"tablet":{"background-color":"var(--ast-global-color-5)","background-image":"","background-repeat":"repeat","background-position":"center center","background-size":"auto","background-attachment":"scroll","background-type":"","background-media":"","overlay-type":"","overlay-color":"","overlay-opacity":"","overlay-gradient":""},"mobile":{"background-color":"var(--ast-global-color-5)","background-image":"","background-repeat":"repeat","background-position":"center center","background-size":"auto","background-attachment":"scroll","background-type":"","background-media":"","overlay-type":"","overlay-color":"","overlay-opacity":"","overlay-gradient":""}}},"product_brand":[],"product_cat":[61],"product_tag":[],"class_list":{"0":"post-2094","1":"product","2":"type-product","3":"status-publish","4":"has-post-thumbnail","6":"product_cat-pedaalid","7":"desktop-align-left","8":"tablet-align-left","9":"mobile-align-left","11":"first","12":"instock","13":"shipping-taxable","14":"purchasable","15":"product-type-simple"},"yoast_head":"<!-- This site is optimized with the Yoast SEO plugin v27.3 - https:\/\/yoast.com\/product\/yoast-seo-wordpress\/ -->\n<title>Tom&#039;sline AT-07 Guitar Tuner Pedal - Kayan Music<\/title>\n<meta name=\"robots\" content=\"index, follow, max-snippet:-1, max-image-preview:large, max-video-preview:-1\" \/>\n<link rel=\"canonical\" href=\"https:\/\/kayanmusic.com\/en\/pedaalid\/tomsline-at-07-guitar-tuner-pedal\/\" \/>\n<meta property=\"og:locale\" content=\"en_US\" \/>\n<meta property=\"og:type\" content=\"article\" \/>\n<meta property=\"og:title\" content=\"Tom&#039;sline AT-07 Guitar Tuner Pedal - Kayan Music\" \/>\n<meta property=\"og:description\" content=\"Tom&#039;sline AT-07 Guitar Tuner Pedal  kompaktne ja t\u00f6\u00f6kindel pedaal on iga kitarristi jaoks h\u00e4davajalik t\u00f6\u00f6riist, olenemata sellest, kas harjutate kodus, j\u00e4mmite s\u00f5pradega v\u00f5i esinete laval. Kergesti loetava LED-ekraani ja t\u00e4psete h\u00e4\u00e4lestusalgoritmidega.  &nbsp;\" \/>\n<meta property=\"og:url\" content=\"https:\/\/kayanmusic.com\/en\/pedaalid\/tomsline-at-07-guitar-tuner-pedal\/\" \/>\n<meta property=\"og:site_name\" content=\"Kayan Music\" \/>\n<meta property=\"og:image\" content=\"https:\/\/kayanmusic.com\/wp-content\/uploads\/2024\/08\/60.jpg\" \/>\n\t<meta property=\"og:image:width\" content=\"847\" \/>\n\t<meta property=\"og:image:height\" content=\"1572\" \/>\n\t<meta property=\"og:image:type\" content=\"image\/jpeg\" \/>\n<meta name=\"twitter:card\" content=\"summary_large_image\" \/>\n<meta name=\"twitter:label1\" content=\"Est. reading time\" \/>\n\t<meta name=\"twitter:data1\" content=\"1 minute\" \/>\n<script type=\"application\/ld+json\" class=\"yoast-schema-graph\">{\"@context\":\"https:\\\/\\\/schema.org\",\"@graph\":[{\"@type\":\"WebPage\",\"@id\":\"https:\\\/\\\/kayanmusic.com\\\/pedaalid\\\/tomsline-at-07-guitar-tuner-pedal\\\/\",\"url\":\"https:\\\/\\\/kayanmusic.com\\\/pedaalid\\\/tomsline-at-07-guitar-tuner-pedal\\\/\",\"name\":\"Tom'sline AT-07 Guitar Tuner Pedal - Kayan Music\",\"isPartOf\":{\"@id\":\"https:\\\/\\\/kayanmusic.com\\\/#website\"},\"primaryImageOfPage\":{\"@id\":\"https:\\\/\\\/kayanmusic.com\\\/pedaalid\\\/tomsline-at-07-guitar-tuner-pedal\\\/#primaryimage\"},\"image\":{\"@id\":\"https:\\\/\\\/kayanmusic.com\\\/pedaalid\\\/tomsline-at-07-guitar-tuner-pedal\\\/#primaryimage\"},\"thumbnailUrl\":\"https:\\\/\\\/kayanmusic.com\\\/wp-content\\\/uploads\\\/2024\\\/08\\\/60.jpg\",\"datePublished\":\"2024-08-30T11:11:15+00:00\",\"breadcrumb\":{\"@id\":\"https:\\\/\\\/kayanmusic.com\\\/pedaalid\\\/tomsline-at-07-guitar-tuner-pedal\\\/#breadcrumb\"},\"inLanguage\":\"en-US\",\"potentialAction\":[{\"@type\":\"ReadAction\",\"target\":[\"https:\\\/\\\/kayanmusic.com\\\/pedaalid\\\/tomsline-at-07-guitar-tuner-pedal\\\/\"]}]},{\"@type\":\"ImageObject\",\"inLanguage\":\"en-US\",\"@id\":\"https:\\\/\\\/kayanmusic.com\\\/pedaalid\\\/tomsline-at-07-guitar-tuner-pedal\\\/#primaryimage\",\"url\":\"https:\\\/\\\/kayanmusic.com\\\/wp-content\\\/uploads\\\/2024\\\/08\\\/60.jpg\",\"contentUrl\":\"https:\\\/\\\/kayanmusic.com\\\/wp-content\\\/uploads\\\/2024\\\/08\\\/60.jpg\",\"width\":847,\"height\":1572},{\"@type\":\"BreadcrumbList\",\"@id\":\"https:\\\/\\\/kayanmusic.com\\\/pedaalid\\\/tomsline-at-07-guitar-tuner-pedal\\\/#breadcrumb\",\"itemListElement\":[{\"@type\":\"ListItem\",\"position\":1,\"name\":\"Home\",\"item\":\"https:\\\/\\\/kayanmusic.com\\\/\"},{\"@type\":\"ListItem\",\"position\":2,\"name\":\"Pood\",\"item\":\"https:\\\/\\\/kayanmusic.com\\\/\"},{\"@type\":\"ListItem\",\"position\":3,\"name\":\"Tom&#8217;sline AT-07 Guitar Tuner Pedal\"}]},{\"@type\":\"WebSite\",\"@id\":\"https:\\\/\\\/kayanmusic.com\\\/#website\",\"url\":\"https:\\\/\\\/kayanmusic.com\\\/\",\"name\":\"Kayan Music\",\"description\":\"\",\"publisher\":{\"@id\":\"https:\\\/\\\/kayanmusic.com\\\/#organization\"},\"potentialAction\":[{\"@type\":\"SearchAction\",\"target\":{\"@type\":\"EntryPoint\",\"urlTemplate\":\"https:\\\/\\\/kayanmusic.com\\\/?s={search_term_string}\"},\"query-input\":{\"@type\":\"PropertyValueSpecification\",\"valueRequired\":true,\"valueName\":\"search_term_string\"}}],\"inLanguage\":\"en-US\"},{\"@type\":\"Organization\",\"@id\":\"https:\\\/\\\/kayanmusic.com\\\/#organization\",\"name\":\"Kayan Music\",\"url\":\"https:\\\/\\\/kayanmusic.com\\\/\",\"logo\":{\"@type\":\"ImageObject\",\"inLanguage\":\"en-US\",\"@id\":\"https:\\\/\\\/kayanmusic.com\\\/#\\\/schema\\\/logo\\\/image\\\/\",\"url\":\"https:\\\/\\\/kayanmusic.com\\\/wp-content\\\/uploads\\\/2024\\\/03\\\/Kayan002.png\",\"contentUrl\":\"https:\\\/\\\/kayanmusic.com\\\/wp-content\\\/uploads\\\/2024\\\/03\\\/Kayan002.png\",\"width\":1554,\"height\":1555,\"caption\":\"Kayan Music\"},\"image\":{\"@id\":\"https:\\\/\\\/kayanmusic.com\\\/#\\\/schema\\\/logo\\\/image\\\/\"}}]}<\/script>\n<!-- \/ Yoast SEO plugin. -->","yoast_head_json":{"title":"Tom'sline AT-07 Guitar Tuner Pedal - Kayan Music","robots":{"index":"index","follow":"follow","max-snippet":"max-snippet:-1","max-image-preview":"max-image-preview:large","max-video-preview":"max-video-preview:-1"},"canonical":"https:\/\/kayanmusic.com\/en\/pedaalid\/tomsline-at-07-guitar-tuner-pedal\/","og_locale":"en_US","og_type":"article","og_title":"Tom'sline AT-07 Guitar Tuner Pedal - Kayan Music","og_description":"Tom'sline AT-07 Guitar Tuner Pedal  kompaktne ja t\u00f6\u00f6kindel pedaal on iga kitarristi jaoks h\u00e4davajalik t\u00f6\u00f6riist, olenemata sellest, kas harjutate kodus, j\u00e4mmite s\u00f5pradega v\u00f5i esinete laval. Kergesti loetava LED-ekraani ja t\u00e4psete h\u00e4\u00e4lestusalgoritmidega.  &nbsp;","og_url":"https:\/\/kayanmusic.com\/en\/pedaalid\/tomsline-at-07-guitar-tuner-pedal\/","og_site_name":"Kayan Music","og_image":[{"width":847,"height":1572,"url":"https:\/\/kayanmusic.com\/wp-content\/uploads\/2024\/08\/60.jpg","type":"image\/jpeg"}],"twitter_card":"summary_large_image","twitter_misc":{"Est. reading time":"1 minute"},"schema":{"@context":"https:\/\/schema.org","@graph":[{"@type":"WebPage","@id":"https:\/\/kayanmusic.com\/pedaalid\/tomsline-at-07-guitar-tuner-pedal\/","url":"https:\/\/kayanmusic.com\/pedaalid\/tomsline-at-07-guitar-tuner-pedal\/","name":"Tom'sline AT-07 Guitar Tuner Pedal - Kayan Music","isPartOf":{"@id":"https:\/\/kayanmusic.com\/#website"},"primaryImageOfPage":{"@id":"https:\/\/kayanmusic.com\/pedaalid\/tomsline-at-07-guitar-tuner-pedal\/#primaryimage"},"image":{"@id":"https:\/\/kayanmusic.com\/pedaalid\/tomsline-at-07-guitar-tuner-pedal\/#primaryimage"},"thumbnailUrl":"https:\/\/kayanmusic.com\/wp-content\/uploads\/2024\/08\/60.jpg","datePublished":"2024-08-30T11:11:15+00:00","breadcrumb":{"@id":"https:\/\/kayanmusic.com\/pedaalid\/tomsline-at-07-guitar-tuner-pedal\/#breadcrumb"},"inLanguage":"en-US","potentialAction":[{"@type":"ReadAction","target":["https:\/\/kayanmusic.com\/pedaalid\/tomsline-at-07-guitar-tuner-pedal\/"]}]},{"@type":"ImageObject","inLanguage":"en-US","@id":"https:\/\/kayanmusic.com\/pedaalid\/tomsline-at-07-guitar-tuner-pedal\/#primaryimage","url":"https:\/\/kayanmusic.com\/wp-content\/uploads\/2024\/08\/60.jpg","contentUrl":"https:\/\/kayanmusic.com\/wp-content\/uploads\/2024\/08\/60.jpg","width":847,"height":1572},{"@type":"BreadcrumbList","@id":"https:\/\/kayanmusic.com\/pedaalid\/tomsline-at-07-guitar-tuner-pedal\/#breadcrumb","itemListElement":[{"@type":"ListItem","position":1,"name":"Home","item":"https:\/\/kayanmusic.com\/"},{"@type":"ListItem","position":2,"name":"Pood","item":"https:\/\/kayanmusic.com\/"},{"@type":"ListItem","position":3,"name":"Tom&#8217;sline AT-07 Guitar Tuner Pedal"}]},{"@type":"WebSite","@id":"https:\/\/kayanmusic.com\/#website","url":"https:\/\/kayanmusic.com\/","name":"Kayan Music","description":"","publisher":{"@id":"https:\/\/kayanmusic.com\/#organization"},"potentialAction":[{"@type":"SearchAction","target":{"@type":"EntryPoint","urlTemplate":"https:\/\/kayanmusic.com\/?s={search_term_string}"},"query-input":{"@type":"PropertyValueSpecification","valueRequired":true,"valueName":"search_term_string"}}],"inLanguage":"en-US"},{"@type":"Organization","@id":"https:\/\/kayanmusic.com\/#organization","name":"Kayan Music","url":"https:\/\/kayanmusic.com\/","logo":{"@type":"ImageObject","inLanguage":"en-US","@id":"https:\/\/kayanmusic.com\/#\/schema\/logo\/image\/","url":"https:\/\/kayanmusic.com\/wp-content\/uploads\/2024\/03\/Kayan002.png","contentUrl":"https:\/\/kayanmusic.com\/wp-content\/uploads\/2024\/03\/Kayan002.png","width":1554,"height":1555,"caption":"Kayan Music"},"image":{"@id":"https:\/\/kayanmusic.com\/#\/schema\/logo\/image\/"}}]}},"_links":{"self":[{"href":"https:\/\/kayanmusic.com\/en\/wp-json\/wp\/v2\/product\/2094","targetHints":{"allow":["GET"]}}],"collection":[{"href":"https:\/\/kayanmusic.com\/en\/wp-json\/wp\/v2\/product"}],"about":[{"href":"https:\/\/kayanmusic.com\/en\/wp-json\/wp\/v2\/types\/product"}],"wp:featuredmedia":[{"embeddable":true,"href":"https:\/\/kayanmusic.com\/en\/wp-json\/wp\/v2\/media\/2095"}],"wp:attachment":[{"href":"https:\/\/kayanmusic.com\/en\/wp-json\/wp\/v2\/media?parent=2094"}],"wp:term":[{"taxonomy":"product_brand","embeddable":true,"href":"https:\/\/kayanmusic.com\/en\/wp-json\/wp\/v2\/product_brand?post=2094"},{"taxonomy":"product_cat","embeddable":true,"href":"https:\/\/kayanmusic.com\/en\/wp-json\/wp\/v2\/product_cat?post=2094"},{"taxonomy":"product_tag","embeddable":true,"href":"https:\/\/kayanmusic.com\/en\/wp-json\/wp\/v2\/product_tag?post=2094"}],"curies":[{"name":"wp","href":"https:\/\/api.w.org\/{rel}","templated":true}]}}