{"id":2553,"date":"2025-01-20T13:32:54","date_gmt":"2025-01-20T13:32:54","guid":{"rendered":"https:\/\/kayanmusic.com\/?post_type=product&#038;p=2553"},"modified":"2025-01-20T13:33:37","modified_gmt":"2025-01-20T13:33:37","slug":"voimendi-hartke-gt100-2","status":"publish","type":"product","link":"https:\/\/kayanmusic.com\/en\/voimendid\/voimendi-hartke-gt100-2\/","title":{"rendered":"Amplifier Hartke GT100"},"content":{"rendered":"<p>GT100<br \/>\nGuitar amp<\/p>\n<p>With a 100-watt 2-channel tube behind the preamplifier, users can save energy. The GT100 features a classic 12AX7 tube preamp section with independent channel gain controls, bass and treble controls for channel 1, bass, mid and treble controls for channel 2. Variable spring reverb, effects send and return jacks, 1\/4\" headphone jack and rear panel footswitch jack. Professional features and classic internal circuitry make the GT100 a serious performer.<\/p>","protected":false},"excerpt":{"rendered":"<p>Condition: used<\/p>\n<p>Hartke GT100 guitar amplifier head 100w<\/p>","protected":false},"featured_media":1827,"template":"","meta":{"site-sidebar-layout":"default","site-content-layout":"","ast-site-content-layout":"default","site-content-style":"default","site-sidebar-style":"default","ast-global-header-display":"","ast-banner-title-visibility":"","ast-main-header-display":"","ast-hfb-above-header-display":"","ast-hfb-below-header-display":"","ast-hfb-mobile-header-display":"","site-post-title":"","ast-breadcrumbs-content":"","ast-featured-img":"","footer-sml-layout":"","ast-disable-related-posts":"","theme-transparent-header-meta":"default","adv-header-id-meta":"","stick-header-meta":"","header-above-stick-meta":"","header-main-stick-meta":"","header-below-stick-meta":"","astra-migrate-meta-layouts":"set","ast-page-background-enabled":"default","ast-page-background-meta":{"desktop":{"background-color":"","background-image":"","background-repeat":"repeat","background-position":"center center","background-size":"auto","background-attachment":"scroll","background-type":"","background-media":"","overlay-type":"","overlay-color":"","overlay-opacity":"","overlay-gradient":""},"tablet":{"background-color":"","background-image":"","background-repeat":"repeat","background-position":"center center","background-size":"auto","background-attachment":"scroll","background-type":"","background-media":"","overlay-type":"","overlay-color":"","overlay-opacity":"","overlay-gradient":""},"mobile":{"background-color":"","background-image":"","background-repeat":"repeat","background-position":"center center","background-size":"auto","background-attachment":"scroll","background-type":"","background-media":"","overlay-type":"","overlay-color":"","overlay-opacity":"","overlay-gradient":""}},"ast-content-background-meta":{"desktop":{"background-color":"var(--ast-global-color-5)","background-image":"","background-repeat":"repeat","background-position":"center center","background-size":"auto","background-attachment":"scroll","background-type":"","background-media":"","overlay-type":"","overlay-color":"","overlay-opacity":"","overlay-gradient":""},"tablet":{"background-color":"var(--ast-global-color-5)","background-image":"","background-repeat":"repeat","background-position":"center center","background-size":"auto","background-attachment":"scroll","background-type":"","background-media":"","overlay-type":"","overlay-color":"","overlay-opacity":"","overlay-gradient":""},"mobile":{"background-color":"var(--ast-global-color-5)","background-image":"","background-repeat":"repeat","background-position":"center center","background-size":"auto","background-attachment":"scroll","background-type":"","background-media":"","overlay-type":"","overlay-color":"","overlay-opacity":"","overlay-gradient":""}}},"product_brand":[],"product_cat":[59],"product_tag":[],"class_list":{"0":"post-2553","1":"product","2":"type-product","3":"status-publish","4":"has-post-thumbnail","6":"product_cat-voimendid","7":"desktop-align-left","8":"tablet-align-left","9":"mobile-align-left","11":"first","12":"instock","13":"shipping-taxable","14":"purchasable","15":"product-type-simple"},"yoast_head":"<!-- This site is optimized with the Yoast SEO plugin v27.3 - https:\/\/yoast.com\/product\/yoast-seo-wordpress\/ -->\n<title>V\u00f5imendi Hartke GT100 - Kayan Music<\/title>\n<meta name=\"description\" content=\"V\u00e4he kasutatud v\u00f5imendi Hartke GT100. 100-vatise v\u00f5imsusega 2-kanalilise lamp eelv\u00f5imendi taga saavad kasutajad energiat s\u00e4\u00e4sta.\" \/>\n<meta name=\"robots\" content=\"index, follow, max-snippet:-1, max-image-preview:large, max-video-preview:-1\" \/>\n<link rel=\"canonical\" href=\"https:\/\/kayanmusic.com\/en\/voimendid\/voimendi-hartke-gt100-2\/\" \/>\n<meta property=\"og:locale\" content=\"en_US\" \/>\n<meta property=\"og:type\" content=\"article\" \/>\n<meta property=\"og:title\" content=\"V\u00f5imendi Hartke GT100 - Kayan Music\" \/>\n<meta property=\"og:description\" content=\"V\u00e4he kasutatud v\u00f5imendi Hartke GT100. 100-vatise v\u00f5imsusega 2-kanalilise lamp eelv\u00f5imendi taga saavad kasutajad energiat s\u00e4\u00e4sta.\" \/>\n<meta property=\"og:url\" content=\"https:\/\/kayanmusic.com\/en\/voimendid\/voimendi-hartke-gt100-2\/\" \/>\n<meta property=\"og:site_name\" content=\"Kayan Music\" \/>\n<meta property=\"article:modified_time\" content=\"2025-01-20T13:33:37+00:00\" \/>\n<meta property=\"og:image\" content=\"https:\/\/kayanmusic.com\/wp-content\/uploads\/2024\/04\/4-scaled.jpg\" \/>\n\t<meta property=\"og:image:width\" content=\"2560\" \/>\n\t<meta property=\"og:image:height\" content=\"1536\" \/>\n\t<meta property=\"og:image:type\" content=\"image\/jpeg\" \/>\n<meta name=\"twitter:card\" content=\"summary_large_image\" \/>\n<meta name=\"twitter:label1\" content=\"Est. reading time\" \/>\n\t<meta name=\"twitter:data1\" content=\"1 minute\" \/>\n<script type=\"application\/ld+json\" class=\"yoast-schema-graph\">{\"@context\":\"https:\\\/\\\/schema.org\",\"@graph\":[{\"@type\":\"WebPage\",\"@id\":\"https:\\\/\\\/kayanmusic.com\\\/voimendid\\\/voimendi-hartke-gt100-2\\\/\",\"url\":\"https:\\\/\\\/kayanmusic.com\\\/voimendid\\\/voimendi-hartke-gt100-2\\\/\",\"name\":\"V\u00f5imendi Hartke GT100 - Kayan Music\",\"isPartOf\":{\"@id\":\"https:\\\/\\\/kayanmusic.com\\\/#website\"},\"primaryImageOfPage\":{\"@id\":\"https:\\\/\\\/kayanmusic.com\\\/voimendid\\\/voimendi-hartke-gt100-2\\\/#primaryimage\"},\"image\":{\"@id\":\"https:\\\/\\\/kayanmusic.com\\\/voimendid\\\/voimendi-hartke-gt100-2\\\/#primaryimage\"},\"thumbnailUrl\":\"https:\\\/\\\/kayanmusic.com\\\/wp-content\\\/uploads\\\/2024\\\/04\\\/4-scaled.jpg\",\"datePublished\":\"2025-01-20T13:32:54+00:00\",\"dateModified\":\"2025-01-20T13:33:37+00:00\",\"description\":\"V\u00e4he kasutatud v\u00f5imendi Hartke GT100. 100-vatise v\u00f5imsusega 2-kanalilise lamp eelv\u00f5imendi taga saavad kasutajad energiat s\u00e4\u00e4sta.\",\"breadcrumb\":{\"@id\":\"https:\\\/\\\/kayanmusic.com\\\/voimendid\\\/voimendi-hartke-gt100-2\\\/#breadcrumb\"},\"inLanguage\":\"en-US\",\"potentialAction\":[{\"@type\":\"ReadAction\",\"target\":[\"https:\\\/\\\/kayanmusic.com\\\/voimendid\\\/voimendi-hartke-gt100-2\\\/\"]}]},{\"@type\":\"ImageObject\",\"inLanguage\":\"en-US\",\"@id\":\"https:\\\/\\\/kayanmusic.com\\\/voimendid\\\/voimendi-hartke-gt100-2\\\/#primaryimage\",\"url\":\"https:\\\/\\\/kayanmusic.com\\\/wp-content\\\/uploads\\\/2024\\\/04\\\/4-scaled.jpg\",\"contentUrl\":\"https:\\\/\\\/kayanmusic.com\\\/wp-content\\\/uploads\\\/2024\\\/04\\\/4-scaled.jpg\",\"width\":2560,\"height\":1536,\"caption\":\"V\u00f5imendi Hartke GT100\"},{\"@type\":\"BreadcrumbList\",\"@id\":\"https:\\\/\\\/kayanmusic.com\\\/voimendid\\\/voimendi-hartke-gt100-2\\\/#breadcrumb\",\"itemListElement\":[{\"@type\":\"ListItem\",\"position\":1,\"name\":\"Home\",\"item\":\"https:\\\/\\\/kayanmusic.com\\\/\"},{\"@type\":\"ListItem\",\"position\":2,\"name\":\"Pood\",\"item\":\"https:\\\/\\\/kayanmusic.com\\\/\"},{\"@type\":\"ListItem\",\"position\":3,\"name\":\"V\u00f5imendi Hartke GT100\"}]},{\"@type\":\"WebSite\",\"@id\":\"https:\\\/\\\/kayanmusic.com\\\/#website\",\"url\":\"https:\\\/\\\/kayanmusic.com\\\/\",\"name\":\"Kayan Music\",\"description\":\"\",\"publisher\":{\"@id\":\"https:\\\/\\\/kayanmusic.com\\\/#organization\"},\"potentialAction\":[{\"@type\":\"SearchAction\",\"target\":{\"@type\":\"EntryPoint\",\"urlTemplate\":\"https:\\\/\\\/kayanmusic.com\\\/?s={search_term_string}\"},\"query-input\":{\"@type\":\"PropertyValueSpecification\",\"valueRequired\":true,\"valueName\":\"search_term_string\"}}],\"inLanguage\":\"en-US\"},{\"@type\":\"Organization\",\"@id\":\"https:\\\/\\\/kayanmusic.com\\\/#organization\",\"name\":\"Kayan Music\",\"url\":\"https:\\\/\\\/kayanmusic.com\\\/\",\"logo\":{\"@type\":\"ImageObject\",\"inLanguage\":\"en-US\",\"@id\":\"https:\\\/\\\/kayanmusic.com\\\/#\\\/schema\\\/logo\\\/image\\\/\",\"url\":\"https:\\\/\\\/kayanmusic.com\\\/wp-content\\\/uploads\\\/2024\\\/03\\\/Kayan002.png\",\"contentUrl\":\"https:\\\/\\\/kayanmusic.com\\\/wp-content\\\/uploads\\\/2024\\\/03\\\/Kayan002.png\",\"width\":1554,\"height\":1555,\"caption\":\"Kayan Music\"},\"image\":{\"@id\":\"https:\\\/\\\/kayanmusic.com\\\/#\\\/schema\\\/logo\\\/image\\\/\"}}]}<\/script>\n<!-- \/ Yoast SEO plugin. -->","yoast_head_json":{"title":"V\u00f5imendi Hartke GT100 - Kayan Music","description":"V\u00e4he kasutatud v\u00f5imendi Hartke GT100. 100-vatise v\u00f5imsusega 2-kanalilise lamp eelv\u00f5imendi taga saavad kasutajad energiat s\u00e4\u00e4sta.","robots":{"index":"index","follow":"follow","max-snippet":"max-snippet:-1","max-image-preview":"max-image-preview:large","max-video-preview":"max-video-preview:-1"},"canonical":"https:\/\/kayanmusic.com\/en\/voimendid\/voimendi-hartke-gt100-2\/","og_locale":"en_US","og_type":"article","og_title":"V\u00f5imendi Hartke GT100 - Kayan Music","og_description":"V\u00e4he kasutatud v\u00f5imendi Hartke GT100. 100-vatise v\u00f5imsusega 2-kanalilise lamp eelv\u00f5imendi taga saavad kasutajad energiat s\u00e4\u00e4sta.","og_url":"https:\/\/kayanmusic.com\/en\/voimendid\/voimendi-hartke-gt100-2\/","og_site_name":"Kayan Music","article_modified_time":"2025-01-20T13:33:37+00:00","og_image":[{"width":2560,"height":1536,"url":"https:\/\/kayanmusic.com\/wp-content\/uploads\/2024\/04\/4-scaled.jpg","type":"image\/jpeg"}],"twitter_card":"summary_large_image","twitter_misc":{"Est. reading time":"1 minute"},"schema":{"@context":"https:\/\/schema.org","@graph":[{"@type":"WebPage","@id":"https:\/\/kayanmusic.com\/voimendid\/voimendi-hartke-gt100-2\/","url":"https:\/\/kayanmusic.com\/voimendid\/voimendi-hartke-gt100-2\/","name":"V\u00f5imendi Hartke GT100 - Kayan Music","isPartOf":{"@id":"https:\/\/kayanmusic.com\/#website"},"primaryImageOfPage":{"@id":"https:\/\/kayanmusic.com\/voimendid\/voimendi-hartke-gt100-2\/#primaryimage"},"image":{"@id":"https:\/\/kayanmusic.com\/voimendid\/voimendi-hartke-gt100-2\/#primaryimage"},"thumbnailUrl":"https:\/\/kayanmusic.com\/wp-content\/uploads\/2024\/04\/4-scaled.jpg","datePublished":"2025-01-20T13:32:54+00:00","dateModified":"2025-01-20T13:33:37+00:00","description":"V\u00e4he kasutatud v\u00f5imendi Hartke GT100. 100-vatise v\u00f5imsusega 2-kanalilise lamp eelv\u00f5imendi taga saavad kasutajad energiat s\u00e4\u00e4sta.","breadcrumb":{"@id":"https:\/\/kayanmusic.com\/voimendid\/voimendi-hartke-gt100-2\/#breadcrumb"},"inLanguage":"en-US","potentialAction":[{"@type":"ReadAction","target":["https:\/\/kayanmusic.com\/voimendid\/voimendi-hartke-gt100-2\/"]}]},{"@type":"ImageObject","inLanguage":"en-US","@id":"https:\/\/kayanmusic.com\/voimendid\/voimendi-hartke-gt100-2\/#primaryimage","url":"https:\/\/kayanmusic.com\/wp-content\/uploads\/2024\/04\/4-scaled.jpg","contentUrl":"https:\/\/kayanmusic.com\/wp-content\/uploads\/2024\/04\/4-scaled.jpg","width":2560,"height":1536,"caption":"V\u00f5imendi Hartke GT100"},{"@type":"BreadcrumbList","@id":"https:\/\/kayanmusic.com\/voimendid\/voimendi-hartke-gt100-2\/#breadcrumb","itemListElement":[{"@type":"ListItem","position":1,"name":"Home","item":"https:\/\/kayanmusic.com\/"},{"@type":"ListItem","position":2,"name":"Pood","item":"https:\/\/kayanmusic.com\/"},{"@type":"ListItem","position":3,"name":"V\u00f5imendi Hartke GT100"}]},{"@type":"WebSite","@id":"https:\/\/kayanmusic.com\/#website","url":"https:\/\/kayanmusic.com\/","name":"Kayan Music","description":"","publisher":{"@id":"https:\/\/kayanmusic.com\/#organization"},"potentialAction":[{"@type":"SearchAction","target":{"@type":"EntryPoint","urlTemplate":"https:\/\/kayanmusic.com\/?s={search_term_string}"},"query-input":{"@type":"PropertyValueSpecification","valueRequired":true,"valueName":"search_term_string"}}],"inLanguage":"en-US"},{"@type":"Organization","@id":"https:\/\/kayanmusic.com\/#organization","name":"Kayan Music","url":"https:\/\/kayanmusic.com\/","logo":{"@type":"ImageObject","inLanguage":"en-US","@id":"https:\/\/kayanmusic.com\/#\/schema\/logo\/image\/","url":"https:\/\/kayanmusic.com\/wp-content\/uploads\/2024\/03\/Kayan002.png","contentUrl":"https:\/\/kayanmusic.com\/wp-content\/uploads\/2024\/03\/Kayan002.png","width":1554,"height":1555,"caption":"Kayan Music"},"image":{"@id":"https:\/\/kayanmusic.com\/#\/schema\/logo\/image\/"}}]}},"_links":{"self":[{"href":"https:\/\/kayanmusic.com\/en\/wp-json\/wp\/v2\/product\/2553","targetHints":{"allow":["GET"]}}],"collection":[{"href":"https:\/\/kayanmusic.com\/en\/wp-json\/wp\/v2\/product"}],"about":[{"href":"https:\/\/kayanmusic.com\/en\/wp-json\/wp\/v2\/types\/product"}],"wp:featuredmedia":[{"embeddable":true,"href":"https:\/\/kayanmusic.com\/en\/wp-json\/wp\/v2\/media\/1827"}],"wp:attachment":[{"href":"https:\/\/kayanmusic.com\/en\/wp-json\/wp\/v2\/media?parent=2553"}],"wp:term":[{"taxonomy":"product_brand","embeddable":true,"href":"https:\/\/kayanmusic.com\/en\/wp-json\/wp\/v2\/product_brand?post=2553"},{"taxonomy":"product_cat","embeddable":true,"href":"https:\/\/kayanmusic.com\/en\/wp-json\/wp\/v2\/product_cat?post=2553"},{"taxonomy":"product_tag","embeddable":true,"href":"https:\/\/kayanmusic.com\/en\/wp-json\/wp\/v2\/product_tag?post=2553"}],"curies":[{"name":"wp","href":"https:\/\/api.w.org\/{rel}","templated":true}]}}