{"id":3266,"date":"2025-10-27T11:18:24","date_gmt":"2025-10-27T11:18:24","guid":{"rendered":"https:\/\/kayanmusic.com\/?post_type=product&#038;p=3266"},"modified":"2025-11-04T09:59:14","modified_gmt":"2025-11-04T09:59:14","slug":"stuudio-mikrofon-violet-the-globe","status":"publish","type":"product","link":"https:\/\/kayanmusic.com\/en\/mikrofonid\/stuudio-mikrofon-violet-the-globe\/","title":{"rendered":"Stuudio mikrofon Violet the Globe"},"content":{"rendered":"<p>K\u00f5rgelt hinnatud maailmas L\u00e4ti tegija poolt loodud mikrofon koos hoiustamise karbiga. Mikrofon on v\u00e4ga heas seisukorras.<\/p>\n<p><a href=\"https:\/\/recordinghacks.com\/microphones\/Violet\/Globe-Vintage\">Violet Design Ltd. Globe Vintage | RecordingHacks.com<\/a><\/p>","protected":false},"excerpt":{"rendered":"<p>V\u00e4ga heas korras Violet The Globe<\/p>","protected":false},"featured_media":3258,"template":"","meta":{"site-sidebar-layout":"default","site-content-layout":"","ast-site-content-layout":"default","site-content-style":"default","site-sidebar-style":"default","ast-global-header-display":"","ast-banner-title-visibility":"","ast-main-header-display":"","ast-hfb-above-header-display":"","ast-hfb-below-header-display":"","ast-hfb-mobile-header-display":"","site-post-title":"","ast-breadcrumbs-content":"","ast-featured-img":"","footer-sml-layout":"","ast-disable-related-posts":"","theme-transparent-header-meta":"default","adv-header-id-meta":"","stick-header-meta":"","header-above-stick-meta":"","header-main-stick-meta":"","header-below-stick-meta":"","astra-migrate-meta-layouts":"set","ast-page-background-enabled":"default","ast-page-background-meta":{"desktop":{"background-color":"","background-image":"","background-repeat":"repeat","background-position":"center center","background-size":"auto","background-attachment":"scroll","background-type":"","background-media":"","overlay-type":"","overlay-color":"","overlay-opacity":"","overlay-gradient":""},"tablet":{"background-color":"","background-image":"","background-repeat":"repeat","background-position":"center center","background-size":"auto","background-attachment":"scroll","background-type":"","background-media":"","overlay-type":"","overlay-color":"","overlay-opacity":"","overlay-gradient":""},"mobile":{"background-color":"","background-image":"","background-repeat":"repeat","background-position":"center center","background-size":"auto","background-attachment":"scroll","background-type":"","background-media":"","overlay-type":"","overlay-color":"","overlay-opacity":"","overlay-gradient":""}},"ast-content-background-meta":{"desktop":{"background-color":"var(--ast-global-color-5)","background-image":"","background-repeat":"repeat","background-position":"center center","background-size":"auto","background-attachment":"scroll","background-type":"","background-media":"","overlay-type":"","overlay-color":"","overlay-opacity":"","overlay-gradient":""},"tablet":{"background-color":"var(--ast-global-color-5)","background-image":"","background-repeat":"repeat","background-position":"center center","background-size":"auto","background-attachment":"scroll","background-type":"","background-media":"","overlay-type":"","overlay-color":"","overlay-opacity":"","overlay-gradient":""},"mobile":{"background-color":"var(--ast-global-color-5)","background-image":"","background-repeat":"repeat","background-position":"center center","background-size":"auto","background-attachment":"scroll","background-type":"","background-media":"","overlay-type":"","overlay-color":"","overlay-opacity":"","overlay-gradient":""}}},"product_brand":[],"product_cat":[15,66],"product_tag":[],"class_list":{"0":"post-3266","1":"product","2":"type-product","3":"status-publish","4":"has-post-thumbnail","6":"product_cat-maaramata","7":"product_cat-mikrofonid","8":"desktop-align-left","9":"tablet-align-left","10":"mobile-align-left","12":"first","13":"instock","14":"shipping-taxable","15":"purchasable","16":"product-type-simple"},"yoast_head":"<!-- This site is optimized with the Yoast SEO plugin v27.3 - https:\/\/yoast.com\/product\/yoast-seo-wordpress\/ -->\n<title>Stuudio mikrofon Violet the Globe - Kayan Music<\/title>\n<meta name=\"robots\" content=\"index, follow, max-snippet:-1, max-image-preview:large, max-video-preview:-1\" \/>\n<link rel=\"canonical\" href=\"https:\/\/kayanmusic.com\/en\/mikrofonid\/stuudio-mikrofon-violet-the-globe\/\" \/>\n<meta property=\"og:locale\" content=\"en_US\" \/>\n<meta property=\"og:type\" content=\"article\" \/>\n<meta property=\"og:title\" content=\"Stuudio mikrofon Violet the Globe - Kayan Music\" \/>\n<meta property=\"og:description\" content=\"V\u00e4ga heas korras Violet The Globe\" \/>\n<meta property=\"og:url\" content=\"https:\/\/kayanmusic.com\/en\/mikrofonid\/stuudio-mikrofon-violet-the-globe\/\" \/>\n<meta property=\"og:site_name\" content=\"Kayan Music\" \/>\n<meta property=\"article:modified_time\" content=\"2025-11-04T09:59:14+00:00\" \/>\n<meta property=\"og:image\" content=\"https:\/\/kayanmusic.com\/wp-content\/uploads\/2025\/10\/IMG_20251021_123011-scaled.jpg\" \/>\n\t<meta property=\"og:image:width\" content=\"2560\" \/>\n\t<meta property=\"og:image:height\" content=\"1920\" \/>\n\t<meta property=\"og:image:type\" content=\"image\/jpeg\" \/>\n<meta name=\"twitter:card\" content=\"summary_large_image\" \/>\n<meta name=\"twitter:label1\" content=\"Est. reading time\" \/>\n\t<meta name=\"twitter:data1\" content=\"1 minute\" \/>\n<script type=\"application\/ld+json\" class=\"yoast-schema-graph\">{\"@context\":\"https:\\\/\\\/schema.org\",\"@graph\":[{\"@type\":\"WebPage\",\"@id\":\"https:\\\/\\\/kayanmusic.com\\\/mikrofonid\\\/stuudio-mikrofon-violet-the-globe\\\/\",\"url\":\"https:\\\/\\\/kayanmusic.com\\\/mikrofonid\\\/stuudio-mikrofon-violet-the-globe\\\/\",\"name\":\"Stuudio mikrofon Violet the Globe - Kayan Music\",\"isPartOf\":{\"@id\":\"https:\\\/\\\/kayanmusic.com\\\/#website\"},\"primaryImageOfPage\":{\"@id\":\"https:\\\/\\\/kayanmusic.com\\\/mikrofonid\\\/stuudio-mikrofon-violet-the-globe\\\/#primaryimage\"},\"image\":{\"@id\":\"https:\\\/\\\/kayanmusic.com\\\/mikrofonid\\\/stuudio-mikrofon-violet-the-globe\\\/#primaryimage\"},\"thumbnailUrl\":\"https:\\\/\\\/kayanmusic.com\\\/wp-content\\\/uploads\\\/2025\\\/10\\\/IMG_20251021_123011-scaled.jpg\",\"datePublished\":\"2025-10-27T11:18:24+00:00\",\"dateModified\":\"2025-11-04T09:59:14+00:00\",\"breadcrumb\":{\"@id\":\"https:\\\/\\\/kayanmusic.com\\\/mikrofonid\\\/stuudio-mikrofon-violet-the-globe\\\/#breadcrumb\"},\"inLanguage\":\"en-US\",\"potentialAction\":[{\"@type\":\"ReadAction\",\"target\":[\"https:\\\/\\\/kayanmusic.com\\\/mikrofonid\\\/stuudio-mikrofon-violet-the-globe\\\/\"]}]},{\"@type\":\"ImageObject\",\"inLanguage\":\"en-US\",\"@id\":\"https:\\\/\\\/kayanmusic.com\\\/mikrofonid\\\/stuudio-mikrofon-violet-the-globe\\\/#primaryimage\",\"url\":\"https:\\\/\\\/kayanmusic.com\\\/wp-content\\\/uploads\\\/2025\\\/10\\\/IMG_20251021_123011-scaled.jpg\",\"contentUrl\":\"https:\\\/\\\/kayanmusic.com\\\/wp-content\\\/uploads\\\/2025\\\/10\\\/IMG_20251021_123011-scaled.jpg\",\"width\":2560,\"height\":1920,\"caption\":\"Violet the Globe\"},{\"@type\":\"BreadcrumbList\",\"@id\":\"https:\\\/\\\/kayanmusic.com\\\/mikrofonid\\\/stuudio-mikrofon-violet-the-globe\\\/#breadcrumb\",\"itemListElement\":[{\"@type\":\"ListItem\",\"position\":1,\"name\":\"Home\",\"item\":\"https:\\\/\\\/kayanmusic.com\\\/\"},{\"@type\":\"ListItem\",\"position\":2,\"name\":\"Pood\",\"item\":\"https:\\\/\\\/kayanmusic.com\\\/\"},{\"@type\":\"ListItem\",\"position\":3,\"name\":\"Stuudio mikrofon Violet the Globe\"}]},{\"@type\":\"WebSite\",\"@id\":\"https:\\\/\\\/kayanmusic.com\\\/#website\",\"url\":\"https:\\\/\\\/kayanmusic.com\\\/\",\"name\":\"Kayan Music\",\"description\":\"\",\"publisher\":{\"@id\":\"https:\\\/\\\/kayanmusic.com\\\/#organization\"},\"potentialAction\":[{\"@type\":\"SearchAction\",\"target\":{\"@type\":\"EntryPoint\",\"urlTemplate\":\"https:\\\/\\\/kayanmusic.com\\\/?s={search_term_string}\"},\"query-input\":{\"@type\":\"PropertyValueSpecification\",\"valueRequired\":true,\"valueName\":\"search_term_string\"}}],\"inLanguage\":\"en-US\"},{\"@type\":\"Organization\",\"@id\":\"https:\\\/\\\/kayanmusic.com\\\/#organization\",\"name\":\"Kayan Music\",\"url\":\"https:\\\/\\\/kayanmusic.com\\\/\",\"logo\":{\"@type\":\"ImageObject\",\"inLanguage\":\"en-US\",\"@id\":\"https:\\\/\\\/kayanmusic.com\\\/#\\\/schema\\\/logo\\\/image\\\/\",\"url\":\"https:\\\/\\\/kayanmusic.com\\\/wp-content\\\/uploads\\\/2024\\\/03\\\/Kayan002.png\",\"contentUrl\":\"https:\\\/\\\/kayanmusic.com\\\/wp-content\\\/uploads\\\/2024\\\/03\\\/Kayan002.png\",\"width\":1554,\"height\":1555,\"caption\":\"Kayan Music\"},\"image\":{\"@id\":\"https:\\\/\\\/kayanmusic.com\\\/#\\\/schema\\\/logo\\\/image\\\/\"}}]}<\/script>\n<!-- \/ Yoast SEO plugin. -->","yoast_head_json":{"title":"Stuudio mikrofon Violet the Globe - Kayan Music","robots":{"index":"index","follow":"follow","max-snippet":"max-snippet:-1","max-image-preview":"max-image-preview:large","max-video-preview":"max-video-preview:-1"},"canonical":"https:\/\/kayanmusic.com\/en\/mikrofonid\/stuudio-mikrofon-violet-the-globe\/","og_locale":"en_US","og_type":"article","og_title":"Stuudio mikrofon Violet the Globe - Kayan Music","og_description":"V\u00e4ga heas korras Violet The Globe","og_url":"https:\/\/kayanmusic.com\/en\/mikrofonid\/stuudio-mikrofon-violet-the-globe\/","og_site_name":"Kayan Music","article_modified_time":"2025-11-04T09:59:14+00:00","og_image":[{"width":2560,"height":1920,"url":"https:\/\/kayanmusic.com\/wp-content\/uploads\/2025\/10\/IMG_20251021_123011-scaled.jpg","type":"image\/jpeg"}],"twitter_card":"summary_large_image","twitter_misc":{"Est. reading time":"1 minute"},"schema":{"@context":"https:\/\/schema.org","@graph":[{"@type":"WebPage","@id":"https:\/\/kayanmusic.com\/mikrofonid\/stuudio-mikrofon-violet-the-globe\/","url":"https:\/\/kayanmusic.com\/mikrofonid\/stuudio-mikrofon-violet-the-globe\/","name":"Stuudio mikrofon Violet the Globe - Kayan Music","isPartOf":{"@id":"https:\/\/kayanmusic.com\/#website"},"primaryImageOfPage":{"@id":"https:\/\/kayanmusic.com\/mikrofonid\/stuudio-mikrofon-violet-the-globe\/#primaryimage"},"image":{"@id":"https:\/\/kayanmusic.com\/mikrofonid\/stuudio-mikrofon-violet-the-globe\/#primaryimage"},"thumbnailUrl":"https:\/\/kayanmusic.com\/wp-content\/uploads\/2025\/10\/IMG_20251021_123011-scaled.jpg","datePublished":"2025-10-27T11:18:24+00:00","dateModified":"2025-11-04T09:59:14+00:00","breadcrumb":{"@id":"https:\/\/kayanmusic.com\/mikrofonid\/stuudio-mikrofon-violet-the-globe\/#breadcrumb"},"inLanguage":"en-US","potentialAction":[{"@type":"ReadAction","target":["https:\/\/kayanmusic.com\/mikrofonid\/stuudio-mikrofon-violet-the-globe\/"]}]},{"@type":"ImageObject","inLanguage":"en-US","@id":"https:\/\/kayanmusic.com\/mikrofonid\/stuudio-mikrofon-violet-the-globe\/#primaryimage","url":"https:\/\/kayanmusic.com\/wp-content\/uploads\/2025\/10\/IMG_20251021_123011-scaled.jpg","contentUrl":"https:\/\/kayanmusic.com\/wp-content\/uploads\/2025\/10\/IMG_20251021_123011-scaled.jpg","width":2560,"height":1920,"caption":"Violet the Globe"},{"@type":"BreadcrumbList","@id":"https:\/\/kayanmusic.com\/mikrofonid\/stuudio-mikrofon-violet-the-globe\/#breadcrumb","itemListElement":[{"@type":"ListItem","position":1,"name":"Home","item":"https:\/\/kayanmusic.com\/"},{"@type":"ListItem","position":2,"name":"Pood","item":"https:\/\/kayanmusic.com\/"},{"@type":"ListItem","position":3,"name":"Stuudio mikrofon Violet the Globe"}]},{"@type":"WebSite","@id":"https:\/\/kayanmusic.com\/#website","url":"https:\/\/kayanmusic.com\/","name":"Kayan Music","description":"","publisher":{"@id":"https:\/\/kayanmusic.com\/#organization"},"potentialAction":[{"@type":"SearchAction","target":{"@type":"EntryPoint","urlTemplate":"https:\/\/kayanmusic.com\/?s={search_term_string}"},"query-input":{"@type":"PropertyValueSpecification","valueRequired":true,"valueName":"search_term_string"}}],"inLanguage":"en-US"},{"@type":"Organization","@id":"https:\/\/kayanmusic.com\/#organization","name":"Kayan Music","url":"https:\/\/kayanmusic.com\/","logo":{"@type":"ImageObject","inLanguage":"en-US","@id":"https:\/\/kayanmusic.com\/#\/schema\/logo\/image\/","url":"https:\/\/kayanmusic.com\/wp-content\/uploads\/2024\/03\/Kayan002.png","contentUrl":"https:\/\/kayanmusic.com\/wp-content\/uploads\/2024\/03\/Kayan002.png","width":1554,"height":1555,"caption":"Kayan Music"},"image":{"@id":"https:\/\/kayanmusic.com\/#\/schema\/logo\/image\/"}}]}},"_links":{"self":[{"href":"https:\/\/kayanmusic.com\/en\/wp-json\/wp\/v2\/product\/3266","targetHints":{"allow":["GET"]}}],"collection":[{"href":"https:\/\/kayanmusic.com\/en\/wp-json\/wp\/v2\/product"}],"about":[{"href":"https:\/\/kayanmusic.com\/en\/wp-json\/wp\/v2\/types\/product"}],"wp:featuredmedia":[{"embeddable":true,"href":"https:\/\/kayanmusic.com\/en\/wp-json\/wp\/v2\/media\/3258"}],"wp:attachment":[{"href":"https:\/\/kayanmusic.com\/en\/wp-json\/wp\/v2\/media?parent=3266"}],"wp:term":[{"taxonomy":"product_brand","embeddable":true,"href":"https:\/\/kayanmusic.com\/en\/wp-json\/wp\/v2\/product_brand?post=3266"},{"taxonomy":"product_cat","embeddable":true,"href":"https:\/\/kayanmusic.com\/en\/wp-json\/wp\/v2\/product_cat?post=3266"},{"taxonomy":"product_tag","embeddable":true,"href":"https:\/\/kayanmusic.com\/en\/wp-json\/wp\/v2\/product_tag?post=3266"}],"curies":[{"name":"wp","href":"https:\/\/api.w.org\/{rel}","templated":true}]}}