{"id":3419,"date":"2026-02-11T11:26:28","date_gmt":"2026-02-11T11:26:28","guid":{"rendered":"https:\/\/kayanmusic.com\/?post_type=product&#038;p=3419"},"modified":"2026-03-16T10:11:34","modified_gmt":"2026-03-16T10:11:34","slug":"taispuidust-elektro-ak-cort-core-pe-amh-kotiga","status":"publish","type":"product","link":"https:\/\/kayanmusic.com\/en\/keelpillid\/taispuidust-elektro-ak-cort-core-pe-amh-kotiga\/","title":{"rendered":"T\u00e4ispuidust elektro ak Cort core-pe amh kotiga"},"content":{"rendered":"<p>Suurep\u00e4rase k\u00f5la ja omadustega pill, millel tehtud \u00e4ra astmetraatide lihv, poleer. Standardist natuke laiema kaelaga, mida v\u00e4ga mugav kasutada seet\u00f5ttu. Tule ja proovi, kui Sind huvitab hea ja kvaliteetne pill \ud83d\ude42<\/p>\n<p>Rohkem infot pillist: <a href=\"https:\/\/buzzmusic.co\/products\/cort-core-pe-amh-all-mahogany-opbb-with-case?srsltid=AfmBOooXQVSPIdaSpCHHA6776-a9ktAXxAxJt-NUw76U3KFZGiPSnZb4\">https:\/\/buzzmusic.co\/products\/cort-core-pe-amh-all-mahogany-opbb-with-case?srsltid=AfmBOooXQVSPIdaSpCHHA6776-a9ktAXxAxJt-NUw76U3KFZGiPSnZb4 <\/a><\/p>","protected":false},"excerpt":{"rendered":"<p>Suurep\u00e4rase k\u00f5la ja omadustega pill, millel tehtud \u00e4ra astmetraatide lihv, poleer. Standardist natuke laiema kaelaga, mida v\u00e4ga mugav kasutada seet\u00f5ttu. Tule ja proovi, kui Sind huvitab hea ja kvaliteetne pill \ud83d\ude42<\/p>\n<p>Rohkem infot pillist: <a href=\"https:\/\/buzzmusic.co\/products\/cort-core-pe-amh-all-mahogany-opbb-with-case?srsltid=AfmBOooXQVSPIdaSpCHHA6776-a9ktAXxAxJt-NUw76U3KFZGiPSnZb4\">https:\/\/buzzmusic.co\/products\/cort-core-pe-amh-all-mahogany-opbb-with-case?srsltid=AfmBOooXQVSPIdaSpCHHA6776-a9ktAXxAxJt-NUw76U3KFZGiPSnZb4 <\/a><\/p>","protected":false},"featured_media":3374,"template":"","meta":{"site-sidebar-layout":"default","site-content-layout":"","ast-site-content-layout":"default","site-content-style":"default","site-sidebar-style":"default","ast-global-header-display":"","ast-banner-title-visibility":"","ast-main-header-display":"","ast-hfb-above-header-display":"","ast-hfb-below-header-display":"","ast-hfb-mobile-header-display":"","site-post-title":"","ast-breadcrumbs-content":"","ast-featured-img":"","footer-sml-layout":"","ast-disable-related-posts":"","theme-transparent-header-meta":"default","adv-header-id-meta":"","stick-header-meta":"","header-above-stick-meta":"","header-main-stick-meta":"","header-below-stick-meta":"","astra-migrate-meta-layouts":"set","ast-page-background-enabled":"default","ast-page-background-meta":{"desktop":{"background-color":"","background-image":"","background-repeat":"repeat","background-position":"center center","background-size":"auto","background-attachment":"scroll","background-type":"","background-media":"","overlay-type":"","overlay-color":"","overlay-opacity":"","overlay-gradient":""},"tablet":{"background-color":"","background-image":"","background-repeat":"repeat","background-position":"center center","background-size":"auto","background-attachment":"scroll","background-type":"","background-media":"","overlay-type":"","overlay-color":"","overlay-opacity":"","overlay-gradient":""},"mobile":{"background-color":"","background-image":"","background-repeat":"repeat","background-position":"center center","background-size":"auto","background-attachment":"scroll","background-type":"","background-media":"","overlay-type":"","overlay-color":"","overlay-opacity":"","overlay-gradient":""}},"ast-content-background-meta":{"desktop":{"background-color":"var(--ast-global-color-5)","background-image":"","background-repeat":"repeat","background-position":"center center","background-size":"auto","background-attachment":"scroll","background-type":"","background-media":"","overlay-type":"","overlay-color":"","overlay-opacity":"","overlay-gradient":""},"tablet":{"background-color":"var(--ast-global-color-5)","background-image":"","background-repeat":"repeat","background-position":"center center","background-size":"auto","background-attachment":"scroll","background-type":"","background-media":"","overlay-type":"","overlay-color":"","overlay-opacity":"","overlay-gradient":""},"mobile":{"background-color":"var(--ast-global-color-5)","background-image":"","background-repeat":"repeat","background-position":"center center","background-size":"auto","background-attachment":"scroll","background-type":"","background-media":"","overlay-type":"","overlay-color":"","overlay-opacity":"","overlay-gradient":""}}},"product_brand":[],"product_cat":[19,37],"product_tag":[],"class_list":{"0":"post-3419","1":"product","2":"type-product","3":"status-publish","4":"has-post-thumbnail","6":"product_cat-keelpillid","7":"product_cat-westernkitarrid","8":"desktop-align-left","9":"tablet-align-left","10":"mobile-align-left","12":"first","13":"instock","14":"sold-individually","15":"shipping-taxable","16":"purchasable","17":"product-type-simple"},"yoast_head":"<!-- This site is optimized with the Yoast SEO plugin v27.3 - https:\/\/yoast.com\/product\/yoast-seo-wordpress\/ -->\n<title>T\u00e4ispuidust elektro ak Cort core-pe amh kotiga - Kayan Music<\/title>\n<meta name=\"robots\" content=\"index, follow, max-snippet:-1, max-image-preview:large, max-video-preview:-1\" \/>\n<link rel=\"canonical\" href=\"https:\/\/kayanmusic.com\/en\/keelpillid\/taispuidust-elektro-ak-cort-core-pe-amh-kotiga\/\" \/>\n<meta property=\"og:locale\" content=\"en_US\" \/>\n<meta property=\"og:type\" content=\"article\" \/>\n<meta property=\"og:title\" content=\"T\u00e4ispuidust elektro ak Cort core-pe amh kotiga - Kayan Music\" \/>\n<meta property=\"og:description\" content=\"Suurep\u00e4rase k\u00f5la ja omadustega pill, millel tehtud \u00e4ra astmetraatide lihv, poleer. Standardist natuke laiema kaelaga, mida v\u00e4ga mugav kasutada seet\u00f5ttu. Tule ja proovi, kui Sind huvitab hea ja kvaliteetne pill :)  Rohkem infot pillist: https:\/\/buzzmusic.co\/products\/cort-core-pe-amh-all-mahogany-opbb-with-case?srsltid=AfmBOooXQVSPIdaSpCHHA6776-a9ktAXxAxJt-NUw76U3KFZGiPSnZb4\" \/>\n<meta property=\"og:url\" content=\"https:\/\/kayanmusic.com\/en\/keelpillid\/taispuidust-elektro-ak-cort-core-pe-amh-kotiga\/\" \/>\n<meta property=\"og:site_name\" content=\"Kayan Music\" \/>\n<meta property=\"article:modified_time\" content=\"2026-03-16T10:11:34+00:00\" \/>\n<meta property=\"og:image\" content=\"https:\/\/kayanmusic.com\/wp-content\/uploads\/2026\/02\/IMG_20260119_121115-scaled.jpg\" \/>\n\t<meta property=\"og:image:width\" content=\"1920\" \/>\n\t<meta property=\"og:image:height\" content=\"2560\" \/>\n\t<meta property=\"og:image:type\" content=\"image\/jpeg\" \/>\n<meta name=\"twitter:card\" content=\"summary_large_image\" \/>\n<meta name=\"twitter:label1\" content=\"Est. reading time\" \/>\n\t<meta name=\"twitter:data1\" content=\"1 minute\" \/>\n<script type=\"application\/ld+json\" class=\"yoast-schema-graph\">{\"@context\":\"https:\\\/\\\/schema.org\",\"@graph\":[{\"@type\":\"WebPage\",\"@id\":\"https:\\\/\\\/kayanmusic.com\\\/keelpillid\\\/taispuidust-elektro-ak-cort-core-pe-amh-kotiga\\\/\",\"url\":\"https:\\\/\\\/kayanmusic.com\\\/keelpillid\\\/taispuidust-elektro-ak-cort-core-pe-amh-kotiga\\\/\",\"name\":\"T\u00e4ispuidust elektro ak Cort core-pe amh kotiga - Kayan Music\",\"isPartOf\":{\"@id\":\"https:\\\/\\\/kayanmusic.com\\\/#website\"},\"primaryImageOfPage\":{\"@id\":\"https:\\\/\\\/kayanmusic.com\\\/keelpillid\\\/taispuidust-elektro-ak-cort-core-pe-amh-kotiga\\\/#primaryimage\"},\"image\":{\"@id\":\"https:\\\/\\\/kayanmusic.com\\\/keelpillid\\\/taispuidust-elektro-ak-cort-core-pe-amh-kotiga\\\/#primaryimage\"},\"thumbnailUrl\":\"https:\\\/\\\/kayanmusic.com\\\/wp-content\\\/uploads\\\/2026\\\/02\\\/IMG_20260119_121115-scaled.jpg\",\"datePublished\":\"2026-02-11T11:26:28+00:00\",\"dateModified\":\"2026-03-16T10:11:34+00:00\",\"breadcrumb\":{\"@id\":\"https:\\\/\\\/kayanmusic.com\\\/keelpillid\\\/taispuidust-elektro-ak-cort-core-pe-amh-kotiga\\\/#breadcrumb\"},\"inLanguage\":\"en-US\",\"potentialAction\":[{\"@type\":\"ReadAction\",\"target\":[\"https:\\\/\\\/kayanmusic.com\\\/keelpillid\\\/taispuidust-elektro-ak-cort-core-pe-amh-kotiga\\\/\"]}]},{\"@type\":\"ImageObject\",\"inLanguage\":\"en-US\",\"@id\":\"https:\\\/\\\/kayanmusic.com\\\/keelpillid\\\/taispuidust-elektro-ak-cort-core-pe-amh-kotiga\\\/#primaryimage\",\"url\":\"https:\\\/\\\/kayanmusic.com\\\/wp-content\\\/uploads\\\/2026\\\/02\\\/IMG_20260119_121115-scaled.jpg\",\"contentUrl\":\"https:\\\/\\\/kayanmusic.com\\\/wp-content\\\/uploads\\\/2026\\\/02\\\/IMG_20260119_121115-scaled.jpg\",\"width\":1920,\"height\":2560,\"caption\":\"T\u00e4ispuidust elektro ak Cort core-pe amh kotiga\"},{\"@type\":\"BreadcrumbList\",\"@id\":\"https:\\\/\\\/kayanmusic.com\\\/keelpillid\\\/taispuidust-elektro-ak-cort-core-pe-amh-kotiga\\\/#breadcrumb\",\"itemListElement\":[{\"@type\":\"ListItem\",\"position\":1,\"name\":\"Home\",\"item\":\"https:\\\/\\\/kayanmusic.com\\\/\"},{\"@type\":\"ListItem\",\"position\":2,\"name\":\"Pood\",\"item\":\"https:\\\/\\\/kayanmusic.com\\\/\"},{\"@type\":\"ListItem\",\"position\":3,\"name\":\"T\u00e4ispuidust elektro ak Cort core-pe amh kotiga\"}]},{\"@type\":\"WebSite\",\"@id\":\"https:\\\/\\\/kayanmusic.com\\\/#website\",\"url\":\"https:\\\/\\\/kayanmusic.com\\\/\",\"name\":\"Kayan Music\",\"description\":\"\",\"publisher\":{\"@id\":\"https:\\\/\\\/kayanmusic.com\\\/#organization\"},\"potentialAction\":[{\"@type\":\"SearchAction\",\"target\":{\"@type\":\"EntryPoint\",\"urlTemplate\":\"https:\\\/\\\/kayanmusic.com\\\/?s={search_term_string}\"},\"query-input\":{\"@type\":\"PropertyValueSpecification\",\"valueRequired\":true,\"valueName\":\"search_term_string\"}}],\"inLanguage\":\"en-US\"},{\"@type\":\"Organization\",\"@id\":\"https:\\\/\\\/kayanmusic.com\\\/#organization\",\"name\":\"Kayan Music\",\"url\":\"https:\\\/\\\/kayanmusic.com\\\/\",\"logo\":{\"@type\":\"ImageObject\",\"inLanguage\":\"en-US\",\"@id\":\"https:\\\/\\\/kayanmusic.com\\\/#\\\/schema\\\/logo\\\/image\\\/\",\"url\":\"https:\\\/\\\/kayanmusic.com\\\/wp-content\\\/uploads\\\/2024\\\/03\\\/Kayan002.png\",\"contentUrl\":\"https:\\\/\\\/kayanmusic.com\\\/wp-content\\\/uploads\\\/2024\\\/03\\\/Kayan002.png\",\"width\":1554,\"height\":1555,\"caption\":\"Kayan Music\"},\"image\":{\"@id\":\"https:\\\/\\\/kayanmusic.com\\\/#\\\/schema\\\/logo\\\/image\\\/\"}}]}<\/script>\n<!-- \/ Yoast SEO plugin. -->","yoast_head_json":{"title":"T\u00e4ispuidust elektro ak Cort core-pe amh kotiga - Kayan Music","robots":{"index":"index","follow":"follow","max-snippet":"max-snippet:-1","max-image-preview":"max-image-preview:large","max-video-preview":"max-video-preview:-1"},"canonical":"https:\/\/kayanmusic.com\/en\/keelpillid\/taispuidust-elektro-ak-cort-core-pe-amh-kotiga\/","og_locale":"en_US","og_type":"article","og_title":"T\u00e4ispuidust elektro ak Cort core-pe amh kotiga - Kayan Music","og_description":"Suurep\u00e4rase k\u00f5la ja omadustega pill, millel tehtud \u00e4ra astmetraatide lihv, poleer. Standardist natuke laiema kaelaga, mida v\u00e4ga mugav kasutada seet\u00f5ttu. Tule ja proovi, kui Sind huvitab hea ja kvaliteetne pill :)  Rohkem infot pillist: https:\/\/buzzmusic.co\/products\/cort-core-pe-amh-all-mahogany-opbb-with-case?srsltid=AfmBOooXQVSPIdaSpCHHA6776-a9ktAXxAxJt-NUw76U3KFZGiPSnZb4","og_url":"https:\/\/kayanmusic.com\/en\/keelpillid\/taispuidust-elektro-ak-cort-core-pe-amh-kotiga\/","og_site_name":"Kayan Music","article_modified_time":"2026-03-16T10:11:34+00:00","og_image":[{"width":1920,"height":2560,"url":"https:\/\/kayanmusic.com\/wp-content\/uploads\/2026\/02\/IMG_20260119_121115-scaled.jpg","type":"image\/jpeg"}],"twitter_card":"summary_large_image","twitter_misc":{"Est. reading time":"1 minute"},"schema":{"@context":"https:\/\/schema.org","@graph":[{"@type":"WebPage","@id":"https:\/\/kayanmusic.com\/keelpillid\/taispuidust-elektro-ak-cort-core-pe-amh-kotiga\/","url":"https:\/\/kayanmusic.com\/keelpillid\/taispuidust-elektro-ak-cort-core-pe-amh-kotiga\/","name":"T\u00e4ispuidust elektro ak Cort core-pe amh kotiga - Kayan Music","isPartOf":{"@id":"https:\/\/kayanmusic.com\/#website"},"primaryImageOfPage":{"@id":"https:\/\/kayanmusic.com\/keelpillid\/taispuidust-elektro-ak-cort-core-pe-amh-kotiga\/#primaryimage"},"image":{"@id":"https:\/\/kayanmusic.com\/keelpillid\/taispuidust-elektro-ak-cort-core-pe-amh-kotiga\/#primaryimage"},"thumbnailUrl":"https:\/\/kayanmusic.com\/wp-content\/uploads\/2026\/02\/IMG_20260119_121115-scaled.jpg","datePublished":"2026-02-11T11:26:28+00:00","dateModified":"2026-03-16T10:11:34+00:00","breadcrumb":{"@id":"https:\/\/kayanmusic.com\/keelpillid\/taispuidust-elektro-ak-cort-core-pe-amh-kotiga\/#breadcrumb"},"inLanguage":"en-US","potentialAction":[{"@type":"ReadAction","target":["https:\/\/kayanmusic.com\/keelpillid\/taispuidust-elektro-ak-cort-core-pe-amh-kotiga\/"]}]},{"@type":"ImageObject","inLanguage":"en-US","@id":"https:\/\/kayanmusic.com\/keelpillid\/taispuidust-elektro-ak-cort-core-pe-amh-kotiga\/#primaryimage","url":"https:\/\/kayanmusic.com\/wp-content\/uploads\/2026\/02\/IMG_20260119_121115-scaled.jpg","contentUrl":"https:\/\/kayanmusic.com\/wp-content\/uploads\/2026\/02\/IMG_20260119_121115-scaled.jpg","width":1920,"height":2560,"caption":"T\u00e4ispuidust elektro ak Cort core-pe amh kotiga"},{"@type":"BreadcrumbList","@id":"https:\/\/kayanmusic.com\/keelpillid\/taispuidust-elektro-ak-cort-core-pe-amh-kotiga\/#breadcrumb","itemListElement":[{"@type":"ListItem","position":1,"name":"Home","item":"https:\/\/kayanmusic.com\/"},{"@type":"ListItem","position":2,"name":"Pood","item":"https:\/\/kayanmusic.com\/"},{"@type":"ListItem","position":3,"name":"T\u00e4ispuidust elektro ak Cort core-pe amh kotiga"}]},{"@type":"WebSite","@id":"https:\/\/kayanmusic.com\/#website","url":"https:\/\/kayanmusic.com\/","name":"Kayan Music","description":"","publisher":{"@id":"https:\/\/kayanmusic.com\/#organization"},"potentialAction":[{"@type":"SearchAction","target":{"@type":"EntryPoint","urlTemplate":"https:\/\/kayanmusic.com\/?s={search_term_string}"},"query-input":{"@type":"PropertyValueSpecification","valueRequired":true,"valueName":"search_term_string"}}],"inLanguage":"en-US"},{"@type":"Organization","@id":"https:\/\/kayanmusic.com\/#organization","name":"Kayan Music","url":"https:\/\/kayanmusic.com\/","logo":{"@type":"ImageObject","inLanguage":"en-US","@id":"https:\/\/kayanmusic.com\/#\/schema\/logo\/image\/","url":"https:\/\/kayanmusic.com\/wp-content\/uploads\/2024\/03\/Kayan002.png","contentUrl":"https:\/\/kayanmusic.com\/wp-content\/uploads\/2024\/03\/Kayan002.png","width":1554,"height":1555,"caption":"Kayan Music"},"image":{"@id":"https:\/\/kayanmusic.com\/#\/schema\/logo\/image\/"}}]}},"_links":{"self":[{"href":"https:\/\/kayanmusic.com\/en\/wp-json\/wp\/v2\/product\/3419","targetHints":{"allow":["GET"]}}],"collection":[{"href":"https:\/\/kayanmusic.com\/en\/wp-json\/wp\/v2\/product"}],"about":[{"href":"https:\/\/kayanmusic.com\/en\/wp-json\/wp\/v2\/types\/product"}],"wp:featuredmedia":[{"embeddable":true,"href":"https:\/\/kayanmusic.com\/en\/wp-json\/wp\/v2\/media\/3374"}],"wp:attachment":[{"href":"https:\/\/kayanmusic.com\/en\/wp-json\/wp\/v2\/media?parent=3419"}],"wp:term":[{"taxonomy":"product_brand","embeddable":true,"href":"https:\/\/kayanmusic.com\/en\/wp-json\/wp\/v2\/product_brand?post=3419"},{"taxonomy":"product_cat","embeddable":true,"href":"https:\/\/kayanmusic.com\/en\/wp-json\/wp\/v2\/product_cat?post=3419"},{"taxonomy":"product_tag","embeddable":true,"href":"https:\/\/kayanmusic.com\/en\/wp-json\/wp\/v2\/product_tag?post=3419"}],"curies":[{"name":"wp","href":"https:\/\/api.w.org\/{rel}","templated":true}]}}